{"id":36767,"date":"2025-11-12T08:56:01","date_gmt":"2025-11-12T06:56:01","guid":{"rendered":"https:\/\/www.nordi.ee\/toode\/kummut-lamirio-km-2-tamm-must\/"},"modified":"2026-04-13T05:23:33","modified_gmt":"2026-04-13T02:23:33","slug":"kummut-lamirio-km-2-tamm-must","status":"publish","type":"product","link":"https:\/\/www.nordi.ee\/en\/toode\/kummut-lamirio-km-2-tamm-must\/","title":{"rendered":"Kummut LAMIRIO KM-2,  tamm \/ must"},"content":{"rendered":"<p>m\u00f5\u00f5tmed: 94\/40\/108 cm; materjal: laminaatplaadist \/ pol\u00fcprop\u00fcleen, v\u00e4rv: k\u00e4sit\u00f6\u00f6 tamm \/ must<\/p>\n","protected":false},"excerpt":{"rendered":"<p>m\u00f5\u00f5tmed: 94\/40\/108 cm; materjal: laminaatplaadist \/ pol\u00fcprop\u00fcleen, v\u00e4rv: k\u00e4sit\u00f6\u00f6 tamm \/ must<\/p>\n","protected":false},"featured_media":18272,"comment_status":"closed","ping_status":"open","template":"","meta":{"_gspb_post_css":""},"product_brand":[],"product_cat":[4067],"product_tag":[],"class_list":{"0":"post-36767","1":"product","2":"type-product","3":"status-publish","4":"has-post-thumbnail","6":"product_cat-kummutid","7":"pa_korgus-1512","8":"pa_laius-1744","9":"pa_materjal-lamineeritud-puitlaastplaat","10":"pa_materjal-polupropuleen","11":"pa_pakkide-arv-295","12":"pa_stiil-loft","13":"pa_stiil-modernne","14":"pa_sugavus-646","15":"pa_vahelaos-jah","16":"pa_varv-must","17":"pa_varv-tamm","19":"first","20":"instock","21":"sale","22":"purchasable","23":"product-type-simple"},"_links":{"self":[{"href":"https:\/\/www.nordi.ee\/en\/wp-json\/wp\/v2\/product\/36767","targetHints":{"allow":["GET"]}}],"collection":[{"href":"https:\/\/www.nordi.ee\/en\/wp-json\/wp\/v2\/product"}],"about":[{"href":"https:\/\/www.nordi.ee\/en\/wp-json\/wp\/v2\/types\/product"}],"replies":[{"embeddable":true,"href":"https:\/\/www.nordi.ee\/en\/wp-json\/wp\/v2\/comments?post=36767"}],"wp:featuredmedia":[{"embeddable":true,"href":"https:\/\/www.nordi.ee\/en\/wp-json\/wp\/v2\/media\/18272"}],"wp:attachment":[{"href":"https:\/\/www.nordi.ee\/en\/wp-json\/wp\/v2\/media?parent=36767"}],"wp:term":[{"taxonomy":"product_brand","embeddable":true,"href":"https:\/\/www.nordi.ee\/en\/wp-json\/wp\/v2\/product_brand?post=36767"},{"taxonomy":"product_cat","embeddable":true,"href":"https:\/\/www.nordi.ee\/en\/wp-json\/wp\/v2\/product_cat?post=36767"},{"taxonomy":"product_tag","embeddable":true,"href":"https:\/\/www.nordi.ee\/en\/wp-json\/wp\/v2\/product_tag?post=36767"}],"curies":[{"name":"wp","href":"https:\/\/api.w.org\/{rel}","templated":true}]}}