{"id":36729,"date":"2025-11-12T08:53:55","date_gmt":"2025-11-12T06:53:55","guid":{"rendered":"https:\/\/www.nordi.ee\/toode\/ksawery-laud-varv-sonoma-tamme-valge\/"},"modified":"2026-04-13T05:23:27","modified_gmt":"2026-04-13T02:23:27","slug":"soogilaud-kasweeri-sonoma-tamme-valge","status":"publish","type":"product","link":"https:\/\/www.nordi.ee\/en\/toode\/soogilaud-kasweeri-sonoma-tamme-valge\/","title":{"rendered":"S\u00f6\u00f6gilaud KASWERI, sonoma tamme \/ valge"},"content":{"rendered":"<p>m\u00f5\u00f5tmed: 120\/68\/76 cm, materjal: pealmine osa &#8211; laminaatm\u00f6\u00f6bliplaat, \u00e4\u00e4rtes ABS-plastik, jalad &#8211; laminaat MDF, v\u00e4rv: sonoma tamm \/ valge<\/p>\n","protected":false},"excerpt":{"rendered":"<p>m\u00f5\u00f5tmed: 120\/68\/76 cm, materjal: pealmine osa &#8211; laminaatm\u00f6\u00f6bliplaat, \u00e4\u00e4rtes ABS-plastik, jalad &#8211; laminaat MDF, v\u00e4rv: sonoma tamm \/ valge<\/p>\n","protected":false},"featured_media":18243,"comment_status":"closed","ping_status":"closed","template":"","meta":{"_gspb_post_css":""},"product_brand":[],"product_cat":[190,167],"product_tag":[],"class_list":{"0":"post-36729","1":"product","2":"type-product","3":"status-publish","4":"has-post-thumbnail","6":"product_cat-soogilauad","7":"product_cat-soogituba","8":"pa_jalgade-arv-289","9":"pa_korgus-406","10":"pa_laius-1062","11":"pa_laua-suurus-4-person","12":"pa_laua-varvus-tamm","13":"pa_laua-viimistlus-matt","14":"pa_lauaplaadi-kuju-ristkulikukujuline","15":"pa_lauaplaadi-materjal-lamineeritud-puitlaastplaat","16":"pa_pakkide-arv-295","17":"pa_pikendatav-ei","18":"pa_stiil-skandinaavia","19":"pa_stiil-traditsiooniline","20":"pa_sugavus-1832","21":"pa_vahelaos-jah","22":"pa_varv-tamm","23":"pa_varv-valge","25":"first","26":"instock","27":"sale","28":"purchasable","29":"product-type-simple"},"_links":{"self":[{"href":"https:\/\/www.nordi.ee\/en\/wp-json\/wp\/v2\/product\/36729","targetHints":{"allow":["GET"]}}],"collection":[{"href":"https:\/\/www.nordi.ee\/en\/wp-json\/wp\/v2\/product"}],"about":[{"href":"https:\/\/www.nordi.ee\/en\/wp-json\/wp\/v2\/types\/product"}],"replies":[{"embeddable":true,"href":"https:\/\/www.nordi.ee\/en\/wp-json\/wp\/v2\/comments?post=36729"}],"wp:featuredmedia":[{"embeddable":true,"href":"https:\/\/www.nordi.ee\/en\/wp-json\/wp\/v2\/media\/18243"}],"wp:attachment":[{"href":"https:\/\/www.nordi.ee\/en\/wp-json\/wp\/v2\/media?parent=36729"}],"wp:term":[{"taxonomy":"product_brand","embeddable":true,"href":"https:\/\/www.nordi.ee\/en\/wp-json\/wp\/v2\/product_brand?post=36729"},{"taxonomy":"product_cat","embeddable":true,"href":"https:\/\/www.nordi.ee\/en\/wp-json\/wp\/v2\/product_cat?post=36729"},{"taxonomy":"product_tag","embeddable":true,"href":"https:\/\/www.nordi.ee\/en\/wp-json\/wp\/v2\/product_tag?post=36729"}],"curies":[{"name":"wp","href":"https:\/\/api.w.org\/{rel}","templated":true}]}}