{"id":36713,"date":"2025-11-12T08:53:45","date_gmt":"2025-11-12T06:53:45","guid":{"rendered":"https:\/\/www.nordi.ee\/toode\/perla-260-sonoma-tamme-valge\/"},"modified":"2026-04-13T05:23:25","modified_gmt":"2026-04-13T02:23:25","slug":"perla-260-sonoma-tamme-valge","status":"publish","type":"product","link":"https:\/\/www.nordi.ee\/en\/toode\/perla-260-sonoma-tamme-valge\/","title":{"rendered":"PER\u0141A 260 &#8211; SONOMA TAMME\/VALGE"},"content":{"rendered":"<p>komplekti pikkus: 260 cm, t\u00f6\u00f6pinna paksus: 28 mm, v\u00e4rv: esik\u00fclg &#8211; sonoma tamm, raam &#8211; valge, t\u00f6\u00f6pind &#8211; liivane<\/p>\n","protected":false},"excerpt":{"rendered":"<p>komplekti pikkus: 260 cm, t\u00f6\u00f6pinna paksus: 28 mm, v\u00e4rv: esik\u00fclg &#8211; sonoma tamm, raam &#8211; valge, t\u00f6\u00f6pind &#8211; liivane<\/p>\n","protected":false},"featured_media":18229,"comment_status":"closed","ping_status":"open","template":"","meta":{"_gspb_post_css":""},"product_brand":[],"product_cat":[4070],"product_tag":[],"class_list":{"0":"post-36713","1":"product","2":"type-product","3":"status-publish","4":"has-post-thumbnail","6":"product_cat-kitchen-set","7":"pa_korgus-2370","8":"pa_laius-2374","9":"pa_pakkide-arv-2379","10":"pa_stiil-boho","11":"pa_sugavus-316","12":"pa_vahelaos-jah","13":"pa_varv-tamm","15":"first","16":"instock","17":"sale","18":"purchasable","19":"product-type-simple"},"_links":{"self":[{"href":"https:\/\/www.nordi.ee\/en\/wp-json\/wp\/v2\/product\/36713","targetHints":{"allow":["GET"]}}],"collection":[{"href":"https:\/\/www.nordi.ee\/en\/wp-json\/wp\/v2\/product"}],"about":[{"href":"https:\/\/www.nordi.ee\/en\/wp-json\/wp\/v2\/types\/product"}],"replies":[{"embeddable":true,"href":"https:\/\/www.nordi.ee\/en\/wp-json\/wp\/v2\/comments?post=36713"}],"wp:featuredmedia":[{"embeddable":true,"href":"https:\/\/www.nordi.ee\/en\/wp-json\/wp\/v2\/media\/18229"}],"wp:attachment":[{"href":"https:\/\/www.nordi.ee\/en\/wp-json\/wp\/v2\/media?parent=36713"}],"wp:term":[{"taxonomy":"product_brand","embeddable":true,"href":"https:\/\/www.nordi.ee\/en\/wp-json\/wp\/v2\/product_brand?post=36713"},{"taxonomy":"product_cat","embeddable":true,"href":"https:\/\/www.nordi.ee\/en\/wp-json\/wp\/v2\/product_cat?post=36713"},{"taxonomy":"product_tag","embeddable":true,"href":"https:\/\/www.nordi.ee\/en\/wp-json\/wp\/v2\/product_tag?post=36713"}],"curies":[{"name":"wp","href":"https:\/\/api.w.org\/{rel}","templated":true}]}}