{"id":36712,"date":"2025-11-12T08:53:45","date_gmt":"2025-11-12T06:53:45","guid":{"rendered":"https:\/\/www.nordi.ee\/toode\/perla-260-cremona-tamm-kashmiir\/"},"modified":"2026-04-13T05:23:24","modified_gmt":"2026-04-13T02:23:24","slug":"perla-260-cremona-tamm-kashmiir","status":"publish","type":"product","link":"https:\/\/www.nordi.ee\/en\/toode\/perla-260-cremona-tamm-kashmiir\/","title":{"rendered":"PER\u0141A 260 CREMONA Tamm\/Kashmiir"},"content":{"rendered":"<p>komplekti pikkus: 260 cm, gaasliftid, sahtlid metabox libistitega, t\u00f6\u00f6pinna paksus: 28 mm, v\u00e4rv: esipaneelid \u2013 kreemona tamm \/ ka\u0161miir, korpus \u2013 kreemona tamm \/ ka\u0161miir, t\u00f6\u00f6pind \u2013 hall<\/p>\n","protected":false},"excerpt":{"rendered":"<p>komplekti pikkus: 260 cm, gaasliftid, sahtlid metabox libistitega, t\u00f6\u00f6pinna paksus: 28 mm, v\u00e4rv: esipaneelid \u2013 kreemona tamm \/ ka\u0161miir, korpus \u2013 kreemona tamm \/ ka\u0161miir, t\u00f6\u00f6pind \u2013 hall<\/p>\n","protected":false},"featured_media":18227,"comment_status":"closed","ping_status":"open","template":"","meta":{"_gspb_post_css":""},"product_brand":[],"product_cat":[4070],"product_tag":[],"class_list":{"0":"post-36712","1":"product","2":"type-product","3":"status-publish","4":"has-post-thumbnail","6":"product_cat-kitchen-set","7":"pa_korgus-2370","8":"pa_laius-2374","9":"pa_pakkide-arv-226","10":"pa_stiil-boho","11":"pa_stiil-kaasaegne","12":"pa_stiil-skandinaavia","13":"pa_sugavus-316","14":"pa_vahelaos-jah","15":"pa_varv-beez","16":"pa_varv-tamm","18":"first","19":"instock","20":"sale","21":"purchasable","22":"product-type-simple"},"_links":{"self":[{"href":"https:\/\/www.nordi.ee\/en\/wp-json\/wp\/v2\/product\/36712","targetHints":{"allow":["GET"]}}],"collection":[{"href":"https:\/\/www.nordi.ee\/en\/wp-json\/wp\/v2\/product"}],"about":[{"href":"https:\/\/www.nordi.ee\/en\/wp-json\/wp\/v2\/types\/product"}],"replies":[{"embeddable":true,"href":"https:\/\/www.nordi.ee\/en\/wp-json\/wp\/v2\/comments?post=36712"}],"wp:featuredmedia":[{"embeddable":true,"href":"https:\/\/www.nordi.ee\/en\/wp-json\/wp\/v2\/media\/18227"}],"wp:attachment":[{"href":"https:\/\/www.nordi.ee\/en\/wp-json\/wp\/v2\/media?parent=36712"}],"wp:term":[{"taxonomy":"product_brand","embeddable":true,"href":"https:\/\/www.nordi.ee\/en\/wp-json\/wp\/v2\/product_brand?post=36712"},{"taxonomy":"product_cat","embeddable":true,"href":"https:\/\/www.nordi.ee\/en\/wp-json\/wp\/v2\/product_cat?post=36712"},{"taxonomy":"product_tag","embeddable":true,"href":"https:\/\/www.nordi.ee\/en\/wp-json\/wp\/v2\/product_tag?post=36712"}],"curies":[{"name":"wp","href":"https:\/\/api.w.org\/{rel}","templated":true}]}}