{"id":36711,"date":"2025-11-12T08:53:45","date_gmt":"2025-11-12T06:53:45","guid":{"rendered":"https:\/\/www.nordi.ee\/toode\/perla-260-artisan-tamme-tumea-hall\/"},"modified":"2026-04-13T05:23:24","modified_gmt":"2026-04-13T02:23:24","slug":"perla-260-artisan-tamme-tumea-hall","status":"publish","type":"product","link":"https:\/\/www.nordi.ee\/en\/toode\/perla-260-artisan-tamme-tumea-hall\/","title":{"rendered":"PER\u0141A 260 &#8211; ARTISAN TAMME\/TUMEA HALL"},"content":{"rendered":"<p>komplekti pikkus: 260 cm, gaasit\u00f5stukid, sahtlid metabox libistustega, t\u00f6\u00f6pind paksusega 28 mm, v\u00e4rv: esipaneelid \u2013 k\u00e4sit\u00f6\u00f6 \u00f5liveeb \/ tumehall matt, korpus \u2013 k\u00e4sit\u00f6\u00f6 \u00f5liveeb, t\u00f6\u00f6pind \u2013 wotani tamm<\/p>\n","protected":false},"excerpt":{"rendered":"<p>komplekti pikkus: 260 cm, gaasit\u00f5stukid, sahtlid metabox libistustega, t\u00f6\u00f6pind paksusega 28 mm, v\u00e4rv: esipaneelid \u2013 k\u00e4sit\u00f6\u00f6 \u00f5liveeb \/ tumehall matt, korpus \u2013 k\u00e4sit\u00f6\u00f6 \u00f5liveeb, t\u00f6\u00f6pind \u2013 wotani tamm<\/p>\n","protected":false},"featured_media":18225,"comment_status":"closed","ping_status":"open","template":"","meta":{"_gspb_post_css":""},"product_brand":[],"product_cat":[4070],"product_tag":[],"class_list":{"0":"post-36711","1":"product","2":"type-product","3":"status-publish","4":"has-post-thumbnail","6":"product_cat-kitchen-set","7":"pa_korgus-2370","8":"pa_laius-2374","9":"pa_pakkide-arv-2379","10":"pa_stiil-loft","11":"pa_sugavus-316","12":"pa_vahelaos-jah","13":"pa_varv-hall","14":"pa_varv-tamm","16":"first","17":"instock","18":"sale","19":"purchasable","20":"product-type-simple"},"_links":{"self":[{"href":"https:\/\/www.nordi.ee\/en\/wp-json\/wp\/v2\/product\/36711","targetHints":{"allow":["GET"]}}],"collection":[{"href":"https:\/\/www.nordi.ee\/en\/wp-json\/wp\/v2\/product"}],"about":[{"href":"https:\/\/www.nordi.ee\/en\/wp-json\/wp\/v2\/types\/product"}],"replies":[{"embeddable":true,"href":"https:\/\/www.nordi.ee\/en\/wp-json\/wp\/v2\/comments?post=36711"}],"wp:featuredmedia":[{"embeddable":true,"href":"https:\/\/www.nordi.ee\/en\/wp-json\/wp\/v2\/media\/18225"}],"wp:attachment":[{"href":"https:\/\/www.nordi.ee\/en\/wp-json\/wp\/v2\/media?parent=36711"}],"wp:term":[{"taxonomy":"product_brand","embeddable":true,"href":"https:\/\/www.nordi.ee\/en\/wp-json\/wp\/v2\/product_brand?post=36711"},{"taxonomy":"product_cat","embeddable":true,"href":"https:\/\/www.nordi.ee\/en\/wp-json\/wp\/v2\/product_cat?post=36711"},{"taxonomy":"product_tag","embeddable":true,"href":"https:\/\/www.nordi.ee\/en\/wp-json\/wp\/v2\/product_tag?post=36711"}],"curies":[{"name":"wp","href":"https:\/\/api.w.org\/{rel}","templated":true}]}}