{"id":36710,"date":"2025-11-12T08:53:45","date_gmt":"2025-11-12T06:53:45","guid":{"rendered":"https:\/\/www.nordi.ee\/toode\/margaret-3-260-parastik\/"},"modified":"2026-04-13T05:23:23","modified_gmt":"2026-04-13T02:23:23","slug":"margaret-3-260-parastik","status":"publish","type":"product","link":"https:\/\/www.nordi.ee\/en\/toode\/margaret-3-260-parastik\/","title":{"rendered":"MARGARET 3 260 &#8211; P\u00c4RASTIK"},"content":{"rendered":"<p>komplekti pikkus &#8211; 260 cm, t\u00f6\u00f6pinna paksus &#8211; 28 mm, esipaneelid &#8211; valmistatud MDF-ist, v\u00e4rvid: esipaneel: p\u00e4hkel, korpus: p\u00e4hkel, t\u00f6\u00f6pind: p\u00e4hkel<\/p>\n","protected":false},"excerpt":{"rendered":"<p>komplekti pikkus &#8211; 260 cm, t\u00f6\u00f6pinna paksus &#8211; 28 mm, esipaneelid &#8211; valmistatud MDF-ist, v\u00e4rvid: esipaneel: p\u00e4hkel, korpus: p\u00e4hkel, t\u00f6\u00f6pind: p\u00e4hkel<\/p>\n","protected":false},"featured_media":18222,"comment_status":"closed","ping_status":"open","template":"","meta":{"_gspb_post_css":""},"product_brand":[],"product_cat":[4070],"product_tag":[],"class_list":{"0":"post-36710","1":"product","2":"type-product","3":"status-publish","4":"has-post-thumbnail","6":"product_cat-kitchen-set","7":"pa_korgus-2370","8":"pa_laius-2374","9":"pa_pakkide-arv-2379","10":"pa_stiil-klassikaline","11":"pa_stiil-traditsiooniline","12":"pa_sugavus-316","13":"pa_vahelaos-jah","14":"pa_varv-pahkel","16":"first","17":"instock","18":"sale","19":"purchasable","20":"product-type-simple"},"_links":{"self":[{"href":"https:\/\/www.nordi.ee\/en\/wp-json\/wp\/v2\/product\/36710","targetHints":{"allow":["GET"]}}],"collection":[{"href":"https:\/\/www.nordi.ee\/en\/wp-json\/wp\/v2\/product"}],"about":[{"href":"https:\/\/www.nordi.ee\/en\/wp-json\/wp\/v2\/types\/product"}],"replies":[{"embeddable":true,"href":"https:\/\/www.nordi.ee\/en\/wp-json\/wp\/v2\/comments?post=36710"}],"wp:featuredmedia":[{"embeddable":true,"href":"https:\/\/www.nordi.ee\/en\/wp-json\/wp\/v2\/media\/18222"}],"wp:attachment":[{"href":"https:\/\/www.nordi.ee\/en\/wp-json\/wp\/v2\/media?parent=36710"}],"wp:term":[{"taxonomy":"product_brand","embeddable":true,"href":"https:\/\/www.nordi.ee\/en\/wp-json\/wp\/v2\/product_brand?post=36710"},{"taxonomy":"product_cat","embeddable":true,"href":"https:\/\/www.nordi.ee\/en\/wp-json\/wp\/v2\/product_cat?post=36710"},{"taxonomy":"product_tag","embeddable":true,"href":"https:\/\/www.nordi.ee\/en\/wp-json\/wp\/v2\/product_tag?post=36710"}],"curies":[{"name":"wp","href":"https:\/\/api.w.org\/{rel}","templated":true}]}}