{"id":36709,"date":"2025-11-12T08:53:45","date_gmt":"2025-11-12T06:53:45","guid":{"rendered":"https:\/\/www.nordi.ee\/toode\/amanda-2-260\/"},"modified":"2026-04-13T05:23:23","modified_gmt":"2026-04-13T02:23:23","slug":"amanda-2-260","status":"publish","type":"product","link":"https:\/\/www.nordi.ee\/en\/toode\/amanda-2-260\/","title":{"rendered":"AMANDA 2 260"},"content":{"rendered":"<p>seeria pikkus &#8211; 260 cm, t\u00f6\u00f6pinna paksus &#8211; 28 mm, gaasit\u00f5ste, v\u00e4rvid: esik\u00fclg: kaneelipuu akatsi \/ navara tamm, korpus: wenge, t\u00f6\u00f6pind: hele graniit<\/p>\n","protected":false},"excerpt":{"rendered":"<p>seeria pikkus &#8211; 260 cm, t\u00f6\u00f6pinna paksus &#8211; 28 mm, gaasit\u00f5ste, v\u00e4rvid: esik\u00fclg: kaneelipuu akatsi \/ navara tamm, korpus: wenge, t\u00f6\u00f6pind: hele graniit<\/p>\n","protected":false},"featured_media":18219,"comment_status":"closed","ping_status":"open","template":"","meta":{"_gspb_post_css":""},"product_brand":[],"product_cat":[4070],"product_tag":[],"class_list":{"0":"post-36709","1":"product","2":"type-product","3":"status-publish","4":"has-post-thumbnail","6":"product_cat-kitchen-set","7":"pa_korgus-2370","8":"pa_laius-2374","9":"pa_pakkide-arv-2376","10":"pa_stiil-traditsiooniline","11":"pa_sugavus-316","12":"pa_vahelaos-jah","13":"pa_varv-akaatsia","14":"pa_varv-kaneel","16":"first","17":"instock","18":"sale","19":"purchasable","20":"product-type-simple"},"_links":{"self":[{"href":"https:\/\/www.nordi.ee\/en\/wp-json\/wp\/v2\/product\/36709","targetHints":{"allow":["GET"]}}],"collection":[{"href":"https:\/\/www.nordi.ee\/en\/wp-json\/wp\/v2\/product"}],"about":[{"href":"https:\/\/www.nordi.ee\/en\/wp-json\/wp\/v2\/types\/product"}],"replies":[{"embeddable":true,"href":"https:\/\/www.nordi.ee\/en\/wp-json\/wp\/v2\/comments?post=36709"}],"wp:featuredmedia":[{"embeddable":true,"href":"https:\/\/www.nordi.ee\/en\/wp-json\/wp\/v2\/media\/18219"}],"wp:attachment":[{"href":"https:\/\/www.nordi.ee\/en\/wp-json\/wp\/v2\/media?parent=36709"}],"wp:term":[{"taxonomy":"product_brand","embeddable":true,"href":"https:\/\/www.nordi.ee\/en\/wp-json\/wp\/v2\/product_brand?post=36709"},{"taxonomy":"product_cat","embeddable":true,"href":"https:\/\/www.nordi.ee\/en\/wp-json\/wp\/v2\/product_cat?post=36709"},{"taxonomy":"product_tag","embeddable":true,"href":"https:\/\/www.nordi.ee\/en\/wp-json\/wp\/v2\/product_tag?post=36709"}],"curies":[{"name":"wp","href":"https:\/\/api.w.org\/{rel}","templated":true}]}}