{"id":36707,"date":"2025-11-12T08:52:26","date_gmt":"2025-11-12T06:52:26","guid":{"rendered":"https:\/\/www.nordi.ee\/toode\/alina-240-kasitoo-mand-must-matte\/"},"modified":"2026-04-13T05:23:22","modified_gmt":"2026-04-13T02:23:22","slug":"alina-240-kasitoo-mand-must-matte","status":"publish","type":"product","link":"https:\/\/www.nordi.ee\/en\/toode\/alina-240-kasitoo-mand-must-matte\/","title":{"rendered":"ALINA 240 &#8211; K\u00c4SIT\u00d6\u00d6 M\u00c4ND\/ MUST MATTE"},"content":{"rendered":"<p>komplekti pikkus: 240 cm, gaasit\u00f5stukid, sahtlid metabox libistustega, t\u00f6\u00f6pinna paksus: 28 mm, v\u00e4rv: ees \u2013 kunstniku tamm \/ must matt, korpus \u2013 kunstniku tamm, t\u00f6\u00f6pind \u2013 tumehall<\/p>\n","protected":false},"excerpt":{"rendered":"<p>komplekti pikkus: 240 cm, gaasit\u00f5stukid, sahtlid metabox libistustega, t\u00f6\u00f6pinna paksus: 28 mm, v\u00e4rv: ees \u2013 kunstniku tamm \/ must matt, korpus \u2013 kunstniku tamm, t\u00f6\u00f6pind \u2013 tumehall<\/p>\n","protected":false},"featured_media":18214,"comment_status":"closed","ping_status":"open","template":"","meta":{"_gspb_post_css":""},"product_brand":[],"product_cat":[4070],"product_tag":[],"class_list":{"0":"post-36707","1":"product","2":"type-product","3":"status-publish","4":"has-post-thumbnail","6":"product_cat-kitchen-set","7":"pa_korgus-2370","8":"pa_laius-2369","9":"pa_pakkide-arv-2372","10":"pa_stiil-traditsiooniline","11":"pa_stiil-loft","12":"pa_sugavus-316","13":"pa_vahelaos-jah","14":"pa_varv-must","16":"first","17":"instock","18":"sale","19":"purchasable","20":"product-type-simple"},"_links":{"self":[{"href":"https:\/\/www.nordi.ee\/en\/wp-json\/wp\/v2\/product\/36707","targetHints":{"allow":["GET"]}}],"collection":[{"href":"https:\/\/www.nordi.ee\/en\/wp-json\/wp\/v2\/product"}],"about":[{"href":"https:\/\/www.nordi.ee\/en\/wp-json\/wp\/v2\/types\/product"}],"replies":[{"embeddable":true,"href":"https:\/\/www.nordi.ee\/en\/wp-json\/wp\/v2\/comments?post=36707"}],"wp:featuredmedia":[{"embeddable":true,"href":"https:\/\/www.nordi.ee\/en\/wp-json\/wp\/v2\/media\/18214"}],"wp:attachment":[{"href":"https:\/\/www.nordi.ee\/en\/wp-json\/wp\/v2\/media?parent=36707"}],"wp:term":[{"taxonomy":"product_brand","embeddable":true,"href":"https:\/\/www.nordi.ee\/en\/wp-json\/wp\/v2\/product_brand?post=36707"},{"taxonomy":"product_cat","embeddable":true,"href":"https:\/\/www.nordi.ee\/en\/wp-json\/wp\/v2\/product_cat?post=36707"},{"taxonomy":"product_tag","embeddable":true,"href":"https:\/\/www.nordi.ee\/en\/wp-json\/wp\/v2\/product_tag?post=36707"}],"curies":[{"name":"wp","href":"https:\/\/api.w.org\/{rel}","templated":true}]}}