{"id":36598,"date":"2025-11-12T08:47:13","date_gmt":"2025-11-12T06:47:13","guid":{"rendered":"https:\/\/www.nordi.ee\/toode\/hollywood-varv-kasitoo-tamme-2\/"},"modified":"2026-04-12T05:22:45","modified_gmt":"2026-04-12T02:22:45","slug":"hollywood-varv-kasitoo-tamme-2","status":"publish","type":"product","link":"https:\/\/www.nordi.ee\/en\/toode\/hollywood-varv-kasitoo-tamme-2\/","title":{"rendered":"Meigilaud HOLLY, artisan tamm"},"content":{"rendered":"<p>m\u00f5\u00f5tmed: 120\/55\/140 cm, materjal: laminaatkiudplaadi \/ LED-valgustid, v\u00e4rv: k\u00e4sit\u00f6\u00f6 tamme<\/p>\n","protected":false},"excerpt":{"rendered":"<p>m\u00f5\u00f5tmed: 120\/55\/140 cm, materjal: laminaatkiudplaadi \/ LED-valgustid, v\u00e4rv: k\u00e4sit\u00f6\u00f6 tamme<\/p>\n","protected":false},"featured_media":18156,"comment_status":"closed","ping_status":"closed","template":"","meta":{"_gspb_post_css":""},"product_brand":[],"product_cat":[166,191],"product_tag":[],"class_list":{"0":"post-36598","1":"product","2":"type-product","3":"status-publish","4":"has-post-thumbnail","6":"product_cat-magamistuba","7":"product_cat-meigilauad","8":"pa_korgus-681","9":"pa_laius-286","10":"pa_materjal-lamineeritud-puitlaastplaat","11":"pa_pakkide-arv-226","12":"pa_stiil-kaasaegne","13":"pa_sugavus-539","14":"pa_vahelaos-jah","15":"pa_varv-tamm","17":"first","18":"instock","19":"sale","20":"purchasable","21":"product-type-simple"},"_links":{"self":[{"href":"https:\/\/www.nordi.ee\/en\/wp-json\/wp\/v2\/product\/36598","targetHints":{"allow":["GET"]}}],"collection":[{"href":"https:\/\/www.nordi.ee\/en\/wp-json\/wp\/v2\/product"}],"about":[{"href":"https:\/\/www.nordi.ee\/en\/wp-json\/wp\/v2\/types\/product"}],"replies":[{"embeddable":true,"href":"https:\/\/www.nordi.ee\/en\/wp-json\/wp\/v2\/comments?post=36598"}],"wp:featuredmedia":[{"embeddable":true,"href":"https:\/\/www.nordi.ee\/en\/wp-json\/wp\/v2\/media\/18156"}],"wp:attachment":[{"href":"https:\/\/www.nordi.ee\/en\/wp-json\/wp\/v2\/media?parent=36598"}],"wp:term":[{"taxonomy":"product_brand","embeddable":true,"href":"https:\/\/www.nordi.ee\/en\/wp-json\/wp\/v2\/product_brand?post=36598"},{"taxonomy":"product_cat","embeddable":true,"href":"https:\/\/www.nordi.ee\/en\/wp-json\/wp\/v2\/product_cat?post=36598"},{"taxonomy":"product_tag","embeddable":true,"href":"https:\/\/www.nordi.ee\/en\/wp-json\/wp\/v2\/product_tag?post=36598"}],"curies":[{"name":"wp","href":"https:\/\/api.w.org\/{rel}","templated":true}]}}