{"id":36594,"date":"2025-11-12T08:47:13","date_gmt":"2025-11-12T06:47:13","guid":{"rendered":"https:\/\/www.nordi.ee\/toode\/meigilaud-holvion-2-beez-puidutoon\/"},"modified":"2026-04-12T05:22:44","modified_gmt":"2026-04-12T02:22:44","slug":"meigilaud-holvion-2-beez-puidutoon","status":"publish","type":"product","link":"https:\/\/www.nordi.ee\/en\/toode\/meigilaud-holvion-2-beez-puidutoon\/","title":{"rendered":"Meigilaud HOLVION 2, bee\u017e puidutoon"},"content":{"rendered":"<p>m\u00f5\u00f5tmed: 94\/43\/140 cm, materjal: peegel \/ laminaatlastud puitlaastplaat \/ laminaat MDF \/ LED-valgustid, v\u00e4rv: ka\u0161miir<\/p>\n","protected":false},"excerpt":{"rendered":"<p>m\u00f5\u00f5tmed: 94\/43\/140 cm, materjal: peegel \/ laminaatlastud puitlaastplaat \/ laminaat MDF \/ LED-valgustid, v\u00e4rv: ka\u0161miir<\/p>\n","protected":false},"featured_media":18152,"comment_status":"closed","ping_status":"open","template":"","meta":{"_gspb_post_css":""},"product_brand":[],"product_cat":[166,191],"product_tag":[],"class_list":{"0":"post-36594","1":"product","2":"type-product","3":"status-publish","4":"has-post-thumbnail","6":"product_cat-magamistuba","7":"product_cat-meigilauad","8":"pa_korgus-681","9":"pa_laius-1376","10":"pa_materjal-lamineeritud-puitlaastplaat","11":"pa_pakkide-arv-295","12":"pa_stiil-glamuurne","13":"pa_stiil-kaasaegne","14":"pa_sugavus-637","15":"pa_vahelaos-ei","16":"pa_varv-kasmiir","18":"first","19":"instock","20":"sale","21":"purchasable","22":"product-type-simple"},"_links":{"self":[{"href":"https:\/\/www.nordi.ee\/en\/wp-json\/wp\/v2\/product\/36594","targetHints":{"allow":["GET"]}}],"collection":[{"href":"https:\/\/www.nordi.ee\/en\/wp-json\/wp\/v2\/product"}],"about":[{"href":"https:\/\/www.nordi.ee\/en\/wp-json\/wp\/v2\/types\/product"}],"replies":[{"embeddable":true,"href":"https:\/\/www.nordi.ee\/en\/wp-json\/wp\/v2\/comments?post=36594"}],"wp:featuredmedia":[{"embeddable":true,"href":"https:\/\/www.nordi.ee\/en\/wp-json\/wp\/v2\/media\/18152"}],"wp:attachment":[{"href":"https:\/\/www.nordi.ee\/en\/wp-json\/wp\/v2\/media?parent=36594"}],"wp:term":[{"taxonomy":"product_brand","embeddable":true,"href":"https:\/\/www.nordi.ee\/en\/wp-json\/wp\/v2\/product_brand?post=36594"},{"taxonomy":"product_cat","embeddable":true,"href":"https:\/\/www.nordi.ee\/en\/wp-json\/wp\/v2\/product_cat?post=36594"},{"taxonomy":"product_tag","embeddable":true,"href":"https:\/\/www.nordi.ee\/en\/wp-json\/wp\/v2\/product_tag?post=36594"}],"curies":[{"name":"wp","href":"https:\/\/api.w.org\/{rel}","templated":true}]}}