{"id":36531,"date":"2025-11-12T08:44:56","date_gmt":"2025-11-12T06:44:56","guid":{"rendered":"https:\/\/www.nordi.ee\/toode\/gracjan-laud-varv-sonoma-tamme-valge\/"},"modified":"2026-04-13T05:23:05","modified_gmt":"2026-04-13T02:23:05","slug":"soogilaud-gracja-sonoma-tamme-valge","status":"publish","type":"product","link":"https:\/\/www.nordi.ee\/en\/toode\/soogilaud-gracja-sonoma-tamme-valge\/","title":{"rendered":"S\u00f6\u00f6gilaud GRACJA, sonoma tamme \/ valge"},"content":{"rendered":"<p>laiendatav laud, m\u00f5\u00f5tmed: 80\u00f7160\/80\/76 cm, materjal: pind &#8211; laminaatm\u00f6\u00f6bli pind, ABS-plast servades, jalad &#8211; laminaat MDF, v\u00e4rv: sonoma tamm \/ valge<\/p>\n","protected":false},"excerpt":{"rendered":"<p>laiendatav laud, m\u00f5\u00f5tmed: 80\u00f7160\/80\/76 cm, materjal: pind &#8211; laminaatm\u00f6\u00f6bli pind, ABS-plast servades, jalad &#8211; laminaat MDF, v\u00e4rv: sonoma tamm \/ valge<\/p>\n","protected":false},"featured_media":18124,"comment_status":"closed","ping_status":"closed","template":"","meta":{"_gspb_post_css":""},"product_brand":[],"product_cat":[190,167],"product_tag":[],"class_list":{"0":"post-36531","1":"product","2":"type-product","3":"status-publish","4":"has-post-thumbnail","6":"product_cat-soogilauad","7":"product_cat-soogituba","8":"pa_jalgade-arv-289","9":"pa_korgus-406","10":"pa_laius-353","11":"pa_laua-suurus-6-person-4-person","12":"pa_laua-varvus-tamm","13":"pa_laua-viimistlus-matt","14":"pa_lauaplaadi-kuju-ristkulik","15":"pa_lauaplaadi-kuju-ruut","16":"pa_lauaplaadi-materjal-lamineeritud-puitlaastplaat","17":"pa_maximum-pikkus-4208","18":"pa_pakkide-arv-295","19":"pa_pikendatav-jah","20":"pa_stiil-skandinaavia","21":"pa_stiil-traditsiooniline","22":"pa_sugavus-475","23":"pa_vahelaos-jah","24":"pa_varv-tamm","25":"pa_varv-valge","27":"first","28":"instock","29":"sale","30":"purchasable","31":"product-type-simple"},"_links":{"self":[{"href":"https:\/\/www.nordi.ee\/en\/wp-json\/wp\/v2\/product\/36531","targetHints":{"allow":["GET"]}}],"collection":[{"href":"https:\/\/www.nordi.ee\/en\/wp-json\/wp\/v2\/product"}],"about":[{"href":"https:\/\/www.nordi.ee\/en\/wp-json\/wp\/v2\/types\/product"}],"replies":[{"embeddable":true,"href":"https:\/\/www.nordi.ee\/en\/wp-json\/wp\/v2\/comments?post=36531"}],"wp:featuredmedia":[{"embeddable":true,"href":"https:\/\/www.nordi.ee\/en\/wp-json\/wp\/v2\/media\/18124"}],"wp:attachment":[{"href":"https:\/\/www.nordi.ee\/en\/wp-json\/wp\/v2\/media?parent=36531"}],"wp:term":[{"taxonomy":"product_brand","embeddable":true,"href":"https:\/\/www.nordi.ee\/en\/wp-json\/wp\/v2\/product_brand?post=36531"},{"taxonomy":"product_cat","embeddable":true,"href":"https:\/\/www.nordi.ee\/en\/wp-json\/wp\/v2\/product_cat?post=36531"},{"taxonomy":"product_tag","embeddable":true,"href":"https:\/\/www.nordi.ee\/en\/wp-json\/wp\/v2\/product_tag?post=36531"}],"curies":[{"name":"wp","href":"https:\/\/api.w.org\/{rel}","templated":true}]}}