{"id":36504,"date":"2025-11-12T08:43:12","date_gmt":"2025-11-12T06:43:12","guid":{"rendered":"https:\/\/www.nordi.ee\/toode\/gracjan-laud-varv-valge-2\/"},"modified":"2026-04-13T05:23:02","modified_gmt":"2026-04-13T02:23:02","slug":"soogilaud-gracja-valge","status":"publish","type":"product","link":"https:\/\/www.nordi.ee\/en\/toode\/soogilaud-gracja-valge\/","title":{"rendered":"S\u00f6\u00f6gilaud GRACJA, valge"},"content":{"rendered":"<p>laiendatav laud, m\u00f5\u00f5tmed: 80\u00f7160\/80\/76 cm, materjal: t\u00f6\u00f6tasapind &#8211; laminaatm\u00f6\u00f6bli pealispind, ABS-plastik servades, jalad &#8211; laminaat MDF, v\u00e4rv: valge<\/p>\n","protected":false},"excerpt":{"rendered":"<p>laiendatav laud, m\u00f5\u00f5tmed: 80\u00f7160\/80\/76 cm, materjal: t\u00f6\u00f6tasapind &#8211; laminaatm\u00f6\u00f6bli pealispind, ABS-plastik servades, jalad &#8211; laminaat MDF, v\u00e4rv: valge<\/p>\n","protected":false},"featured_media":18104,"comment_status":"closed","ping_status":"closed","template":"","meta":{"_gspb_post_css":""},"product_brand":[],"product_cat":[190,167],"product_tag":[],"class_list":{"0":"post-36504","1":"product","2":"type-product","3":"status-publish","4":"has-post-thumbnail","6":"product_cat-soogilauad","7":"product_cat-soogituba","8":"pa_jalgade-arv-289","9":"pa_korgus-406","10":"pa_laius-353","11":"pa_laua-suurus-4-person-6-person","12":"pa_laua-varvus-valge","13":"pa_laua-viimistlus-matt","14":"pa_lauaplaadi-kuju-ristkulik","15":"pa_lauaplaadi-kuju-ruut","16":"pa_lauaplaadi-materjal-lamineeritud-puitlaastplaat","17":"pa_maximum-pikkus-4208","18":"pa_pakkide-arv-295","19":"pa_pikendatav-jah","20":"pa_stiil-traditsiooniline","21":"pa_sugavus-475","22":"pa_vahelaos-jah","23":"pa_varv-valge","25":"first","26":"instock","27":"sale","28":"purchasable","29":"product-type-simple"},"_links":{"self":[{"href":"https:\/\/www.nordi.ee\/en\/wp-json\/wp\/v2\/product\/36504","targetHints":{"allow":["GET"]}}],"collection":[{"href":"https:\/\/www.nordi.ee\/en\/wp-json\/wp\/v2\/product"}],"about":[{"href":"https:\/\/www.nordi.ee\/en\/wp-json\/wp\/v2\/types\/product"}],"replies":[{"embeddable":true,"href":"https:\/\/www.nordi.ee\/en\/wp-json\/wp\/v2\/comments?post=36504"}],"wp:featuredmedia":[{"embeddable":true,"href":"https:\/\/www.nordi.ee\/en\/wp-json\/wp\/v2\/media\/18104"}],"wp:attachment":[{"href":"https:\/\/www.nordi.ee\/en\/wp-json\/wp\/v2\/media?parent=36504"}],"wp:term":[{"taxonomy":"product_brand","embeddable":true,"href":"https:\/\/www.nordi.ee\/en\/wp-json\/wp\/v2\/product_brand?post=36504"},{"taxonomy":"product_cat","embeddable":true,"href":"https:\/\/www.nordi.ee\/en\/wp-json\/wp\/v2\/product_cat?post=36504"},{"taxonomy":"product_tag","embeddable":true,"href":"https:\/\/www.nordi.ee\/en\/wp-json\/wp\/v2\/product_tag?post=36504"}],"curies":[{"name":"wp","href":"https:\/\/api.w.org\/{rel}","templated":true}]}}