{"id":36474,"date":"2025-11-12T08:41:37","date_gmt":"2025-11-12T06:41:37","guid":{"rendered":"https:\/\/www.nordi.ee\/toode\/pikendatav-laud-ginaro-naturaalne-puit\/"},"modified":"2026-04-13T05:22:59","modified_gmt":"2026-04-13T02:22:59","slug":"pikendatav-laud-ginaro-naturaalne-puit","status":"publish","type":"product","link":"https:\/\/www.nordi.ee\/en\/toode\/pikendatav-laud-ginaro-naturaalne-puit\/","title":{"rendered":"Pikendatav laud GINARO, naturaalne puit"},"content":{"rendered":"<p>m\u00f5\u00f5tmed: 100-135\/60\/75 cm, pikendatav laud, materjal: laminaatkiudplaadist, v\u00e4rv: pind &#8211; k\u00e4sit\u00f6\u00f6puit, jalad &#8211; k\u00e4sit\u00f6\u00f6puit<\/p>\n","protected":false},"excerpt":{"rendered":"<p>m\u00f5\u00f5tmed: 100-135\/60\/75 cm, pikendatav laud, materjal: laminaatkiudplaadist, v\u00e4rv: pind &#8211; k\u00e4sit\u00f6\u00f6puit, jalad &#8211; k\u00e4sit\u00f6\u00f6puit<\/p>\n","protected":false},"featured_media":18092,"comment_status":"closed","ping_status":"open","template":"","meta":{"_gspb_post_css":""},"product_brand":[],"product_cat":[190,167],"product_tag":[],"class_list":{"0":"post-36474","1":"product","2":"type-product","3":"status-publish","4":"has-post-thumbnail","6":"product_cat-soogilauad","7":"product_cat-soogituba","8":"pa_jalgade-arv-289","9":"pa_korgus-287","10":"pa_laius-310","11":"pa_laua-suurus-4-person-6-person","12":"pa_laua-viimistlus-matt","13":"pa_lauaplaadi-kuju-ristkulikukujuline","14":"pa_lauaplaadi-materjal-lamineeritud-puitlaastplaat","15":"pa_maximum-pikkus-4228","16":"pa_pakkide-arv-226","17":"pa_pikendatav-jah","18":"pa_raami-materjal-lamineeritud-puitlaastplaat","19":"pa_stiil-traditsiooniline","20":"pa_sugavus-1180","21":"pa_vahelaos-ei","22":"pa_varv-tamm","24":"first","25":"instock","26":"sale","27":"purchasable","28":"product-type-simple"},"_links":{"self":[{"href":"https:\/\/www.nordi.ee\/en\/wp-json\/wp\/v2\/product\/36474","targetHints":{"allow":["GET"]}}],"collection":[{"href":"https:\/\/www.nordi.ee\/en\/wp-json\/wp\/v2\/product"}],"about":[{"href":"https:\/\/www.nordi.ee\/en\/wp-json\/wp\/v2\/types\/product"}],"replies":[{"embeddable":true,"href":"https:\/\/www.nordi.ee\/en\/wp-json\/wp\/v2\/comments?post=36474"}],"wp:featuredmedia":[{"embeddable":true,"href":"https:\/\/www.nordi.ee\/en\/wp-json\/wp\/v2\/media\/18092"}],"wp:attachment":[{"href":"https:\/\/www.nordi.ee\/en\/wp-json\/wp\/v2\/media?parent=36474"}],"wp:term":[{"taxonomy":"product_brand","embeddable":true,"href":"https:\/\/www.nordi.ee\/en\/wp-json\/wp\/v2\/product_brand?post=36474"},{"taxonomy":"product_cat","embeddable":true,"href":"https:\/\/www.nordi.ee\/en\/wp-json\/wp\/v2\/product_cat?post=36474"},{"taxonomy":"product_tag","embeddable":true,"href":"https:\/\/www.nordi.ee\/en\/wp-json\/wp\/v2\/product_tag?post=36474"}],"curies":[{"name":"wp","href":"https:\/\/api.w.org\/{rel}","templated":true}]}}