{"id":36468,"date":"2025-11-12T08:41:37","date_gmt":"2025-11-12T06:41:37","guid":{"rendered":"https:\/\/www.nordi.ee\/toode\/gino-laud-valge-2\/"},"modified":"2026-04-13T05:22:59","modified_gmt":"2026-04-13T02:22:59","slug":"soogilaud-gina-valge","status":"publish","type":"product","link":"https:\/\/www.nordi.ee\/en\/toode\/soogilaud-gina-valge\/","title":{"rendered":"S\u00f6\u00f6gilaud GINA, valge"},"content":{"rendered":"<p>m\u00f5\u00f5dud: 100-135\/60\/75 cm, pikendatav laud, materjal: laminaatkiudplaadist, v\u00e4rv: pind &#8211; valge, jalad &#8211; valged<\/p>\n","protected":false},"excerpt":{"rendered":"<p>m\u00f5\u00f5dud: 100-135\/60\/75 cm, pikendatav laud, materjal: laminaatkiudplaadist, v\u00e4rv: pind &#8211; valge, jalad &#8211; valged<\/p>\n","protected":false},"featured_media":18088,"comment_status":"closed","ping_status":"closed","template":"","meta":{"_gspb_post_css":""},"product_brand":[],"product_cat":[190,167],"product_tag":[],"class_list":{"0":"post-36468","1":"product","2":"type-product","3":"status-publish","4":"has-post-thumbnail","6":"product_cat-soogilauad","7":"product_cat-soogituba","8":"pa_jalgade-arv-289","9":"pa_korgus-287","10":"pa_laius-310","11":"pa_laua-suurus-6-person-4-person","12":"pa_laua-varvus-valge","13":"pa_laua-viimistlus-matt","14":"pa_lauaplaadi-kuju-ristkulikukujuline","15":"pa_lauaplaadi-materjal-lamineeritud-puitlaastplaat","16":"pa_lisafunktsioonid-pikendatav","17":"pa_maximum-pikkus-4228","18":"pa_pakkide-arv-226","19":"pa_pikendatav-jah","20":"pa_stiil-traditsiooniline","21":"pa_sugavus-1180","22":"pa_vahelaos-jah","23":"pa_varv-valge","25":"first","26":"instock","27":"sale","28":"purchasable","29":"product-type-simple"},"_links":{"self":[{"href":"https:\/\/www.nordi.ee\/en\/wp-json\/wp\/v2\/product\/36468","targetHints":{"allow":["GET"]}}],"collection":[{"href":"https:\/\/www.nordi.ee\/en\/wp-json\/wp\/v2\/product"}],"about":[{"href":"https:\/\/www.nordi.ee\/en\/wp-json\/wp\/v2\/types\/product"}],"replies":[{"embeddable":true,"href":"https:\/\/www.nordi.ee\/en\/wp-json\/wp\/v2\/comments?post=36468"}],"wp:featuredmedia":[{"embeddable":true,"href":"https:\/\/www.nordi.ee\/en\/wp-json\/wp\/v2\/media\/18088"}],"wp:attachment":[{"href":"https:\/\/www.nordi.ee\/en\/wp-json\/wp\/v2\/media?parent=36468"}],"wp:term":[{"taxonomy":"product_brand","embeddable":true,"href":"https:\/\/www.nordi.ee\/en\/wp-json\/wp\/v2\/product_brand?post=36468"},{"taxonomy":"product_cat","embeddable":true,"href":"https:\/\/www.nordi.ee\/en\/wp-json\/wp\/v2\/product_cat?post=36468"},{"taxonomy":"product_tag","embeddable":true,"href":"https:\/\/www.nordi.ee\/en\/wp-json\/wp\/v2\/product_tag?post=36468"}],"curies":[{"name":"wp","href":"https:\/\/api.w.org\/{rel}","templated":true}]}}