{"id":36467,"date":"2025-11-12T08:41:37","date_gmt":"2025-11-12T06:41:37","guid":{"rendered":"https:\/\/www.nordi.ee\/toode\/pikendatav-soogilaud-frayton-160-240-kasitoo-tamm\/"},"modified":"2026-04-13T05:22:57","modified_gmt":"2026-04-13T02:22:57","slug":"pikendatav-soogilaud-frayton-160-240-kasitoo-tamm","status":"publish","type":"product","link":"https:\/\/www.nordi.ee\/en\/toode\/pikendatav-soogilaud-frayton-160-240-kasitoo-tamm\/","title":{"rendered":"Pikendatav s\u00f6\u00f6gilaud  FRAYTON 160\/240, k\u00e4sit\u00f6\u00f6 tamm"},"content":{"rendered":"<p>laiendatav laud (metallpiire + rullik), m\u00f5\u00f5tmed: 160\u00f7240\/90\/74 cm, materjal: pind &#8211; laminaat MDF plaat, jalad &#8211; massiivne p\u00f6\u00f6k, v\u00e4rv: k\u00e4sit\u00f6\u00f6 tamm<\/p>\n","protected":false},"excerpt":{"rendered":"<p>laiendatav laud (metallpiire + rullik), m\u00f5\u00f5tmed: 160\u00f7240\/90\/74 cm, materjal: pind &#8211; laminaat MDF plaat, jalad &#8211; massiivne p\u00f6\u00f6k, v\u00e4rv: k\u00e4sit\u00f6\u00f6 tamm<\/p>\n","protected":false},"featured_media":18086,"comment_status":"closed","ping_status":"open","template":"","meta":{"_gspb_post_css":""},"product_brand":[],"product_cat":[190,167],"product_tag":[],"class_list":{"0":"post-36467","1":"product","2":"type-product","3":"status-publish","4":"has-post-thumbnail","6":"product_cat-soogilauad","7":"product_cat-soogituba","8":"pa_jalgade-arv-289","9":"pa_korgus-677","10":"pa_laius-349","11":"pa_laua-suurus-6-person-10-person","12":"pa_laua-varvus-tamm","13":"pa_laua-viimistlus-matt","14":"pa_lauaplaadi-kuju-ovaalne","15":"pa_lauaplaadi-kuju-ristkulikukujuline","16":"pa_lauaplaadi-materjal-lamineeritud-puitlaastplaat","17":"pa_maximum-pikkus-4209","18":"pa_pakkide-arv-226","19":"pa_pikendatav-jah","20":"pa_stiil-klassikaline","21":"pa_sugavus-4084","22":"pa_vahelaos-jah","23":"pa_varv-tamm","25":"first","26":"instock","27":"sale","28":"purchasable","29":"product-type-simple"},"_links":{"self":[{"href":"https:\/\/www.nordi.ee\/en\/wp-json\/wp\/v2\/product\/36467","targetHints":{"allow":["GET"]}}],"collection":[{"href":"https:\/\/www.nordi.ee\/en\/wp-json\/wp\/v2\/product"}],"about":[{"href":"https:\/\/www.nordi.ee\/en\/wp-json\/wp\/v2\/types\/product"}],"replies":[{"embeddable":true,"href":"https:\/\/www.nordi.ee\/en\/wp-json\/wp\/v2\/comments?post=36467"}],"wp:featuredmedia":[{"embeddable":true,"href":"https:\/\/www.nordi.ee\/en\/wp-json\/wp\/v2\/media\/18086"}],"wp:attachment":[{"href":"https:\/\/www.nordi.ee\/en\/wp-json\/wp\/v2\/media?parent=36467"}],"wp:term":[{"taxonomy":"product_brand","embeddable":true,"href":"https:\/\/www.nordi.ee\/en\/wp-json\/wp\/v2\/product_brand?post=36467"},{"taxonomy":"product_cat","embeddable":true,"href":"https:\/\/www.nordi.ee\/en\/wp-json\/wp\/v2\/product_cat?post=36467"},{"taxonomy":"product_tag","embeddable":true,"href":"https:\/\/www.nordi.ee\/en\/wp-json\/wp\/v2\/product_tag?post=36467"}],"curies":[{"name":"wp","href":"https:\/\/api.w.org\/{rel}","templated":true}]}}