{"id":36466,"date":"2025-11-12T08:39:07","date_gmt":"2025-11-12T06:39:07","guid":{"rendered":"https:\/\/www.nordi.ee\/toode\/pikendatav-soogilaud-frayton-160-240-tume-pahkel\/"},"modified":"2026-04-13T05:22:57","modified_gmt":"2026-04-13T02:22:57","slug":"pikendatav-soogilaud-frayton-160-240-tume-pahkel","status":"publish","type":"product","link":"https:\/\/www.nordi.ee\/en\/toode\/pikendatav-soogilaud-frayton-160-240-tume-pahkel\/","title":{"rendered":"Pikendatav s\u00f6\u00f6gilaud FRAYTON 160\/240, tume p\u00e4hkel"},"content":{"rendered":"<p>laiendatav laud (metallkaare + rullik), m\u00f5\u00f5tmed: 160\u00f7240\/90\/74 cm, materjal: pealispind &#8211; laminaat MDF plaat, jalad &#8211; t\u00e4ispuidust p\u00f6\u00f6k, v\u00e4rv: tume p\u00e4hkel<\/p>\n","protected":false},"excerpt":{"rendered":"<p>laiendatav laud (metallkaare + rullik), m\u00f5\u00f5tmed: 160\u00f7240\/90\/74 cm, materjal: pealispind &#8211; laminaat MDF plaat, jalad &#8211; t\u00e4ispuidust p\u00f6\u00f6k, v\u00e4rv: tume p\u00e4hkel<\/p>\n","protected":false},"featured_media":18084,"comment_status":"closed","ping_status":"open","template":"","meta":{"_gspb_post_css":""},"product_brand":[],"product_cat":[190,167],"product_tag":[],"class_list":{"0":"post-36466","1":"product","2":"type-product","3":"status-publish","4":"has-post-thumbnail","6":"product_cat-soogilauad","7":"product_cat-soogituba","8":"pa_jalgade-arv-289","9":"pa_korgus-677","10":"pa_laius-349","11":"pa_laua-suurus-6-person-10-person","12":"pa_laua-varvus-pahkel","13":"pa_laua-viimistlus-matt","14":"pa_lauaplaadi-kuju-ovaalne","15":"pa_lauaplaadi-kuju-ristkulik","16":"pa_lauaplaadi-materjal-lamineeritud-puitlaastplaat","17":"pa_maximum-pikkus-4209","18":"pa_pakkide-arv-226","19":"pa_pikendatav-jah","20":"pa_stiil-klassikaline","21":"pa_sugavus-4084","22":"pa_vahelaos-ei","23":"pa_varv-pahkel","25":"first","26":"instock","27":"sale","28":"purchasable","29":"product-type-simple"},"_links":{"self":[{"href":"https:\/\/www.nordi.ee\/en\/wp-json\/wp\/v2\/product\/36466","targetHints":{"allow":["GET"]}}],"collection":[{"href":"https:\/\/www.nordi.ee\/en\/wp-json\/wp\/v2\/product"}],"about":[{"href":"https:\/\/www.nordi.ee\/en\/wp-json\/wp\/v2\/types\/product"}],"replies":[{"embeddable":true,"href":"https:\/\/www.nordi.ee\/en\/wp-json\/wp\/v2\/comments?post=36466"}],"wp:featuredmedia":[{"embeddable":true,"href":"https:\/\/www.nordi.ee\/en\/wp-json\/wp\/v2\/media\/18084"}],"wp:attachment":[{"href":"https:\/\/www.nordi.ee\/en\/wp-json\/wp\/v2\/media?parent=36466"}],"wp:term":[{"taxonomy":"product_brand","embeddable":true,"href":"https:\/\/www.nordi.ee\/en\/wp-json\/wp\/v2\/product_brand?post=36466"},{"taxonomy":"product_cat","embeddable":true,"href":"https:\/\/www.nordi.ee\/en\/wp-json\/wp\/v2\/product_cat?post=36466"},{"taxonomy":"product_tag","embeddable":true,"href":"https:\/\/www.nordi.ee\/en\/wp-json\/wp\/v2\/product_tag?post=36466"}],"curies":[{"name":"wp","href":"https:\/\/api.w.org\/{rel}","templated":true}]}}