{"id":36432,"date":"2025-11-12T08:39:07","date_gmt":"2025-11-12T06:39:07","guid":{"rendered":"https:\/\/www.nordi.ee\/toode\/florian-laud-valge-2\/"},"modified":"2026-04-13T05:22:55","modified_gmt":"2026-04-13T02:22:55","slug":"soogilaud-floria-valge","status":"publish","type":"product","link":"https:\/\/www.nordi.ee\/en\/toode\/soogilaud-floria-valge\/","title":{"rendered":"S\u00f6\u00f6gilaud-FLORIA, valge"},"content":{"rendered":"<p>m\u00f5\u00f5tmed: 160-228\/90\/78 cm, pikendatav laud, materjal: laminaatplaat \/ laminaat MDF, v\u00e4rv: pind &#8211; valge, jalad &#8211; valged<\/p>\n","protected":false},"excerpt":{"rendered":"<p>m\u00f5\u00f5tmed: 160-228\/90\/78 cm, pikendatav laud, materjal: laminaatplaat \/ laminaat MDF, v\u00e4rv: pind &#8211; valge, jalad &#8211; valged<\/p>\n","protected":false},"featured_media":18072,"comment_status":"closed","ping_status":"closed","template":"","meta":{"_gspb_post_css":""},"product_brand":[],"product_cat":[190,167],"product_tag":[],"class_list":{"0":"post-36432","1":"product","2":"type-product","3":"status-publish","4":"has-post-thumbnail","6":"product_cat-soogilauad","7":"product_cat-soogituba","8":"pa_jalgade-arv-289","9":"pa_korgus-406","10":"pa_laius-349","11":"pa_laua-suurus-6-person-8-person","12":"pa_laua-varvus-valge","13":"pa_laua-viimistlus-matt","14":"pa_lauaplaadi-kuju-ristkulikukujuline","15":"pa_lauaplaadi-materjal-lamineeritud-puitlaastplaat","16":"pa_lisafunktsioonid-pikendatav","17":"pa_maximum-pikkus-4227","18":"pa_pakkide-arv-295","19":"pa_pikendatav-jah","20":"pa_raami-materjal-mdf","21":"pa_stiil-klassikaline","22":"pa_sugavus-4084","23":"pa_vahelaos-jah","24":"pa_varv-valge","26":"first","27":"instock","28":"sale","29":"purchasable","30":"product-type-simple"},"_links":{"self":[{"href":"https:\/\/www.nordi.ee\/en\/wp-json\/wp\/v2\/product\/36432","targetHints":{"allow":["GET"]}}],"collection":[{"href":"https:\/\/www.nordi.ee\/en\/wp-json\/wp\/v2\/product"}],"about":[{"href":"https:\/\/www.nordi.ee\/en\/wp-json\/wp\/v2\/types\/product"}],"replies":[{"embeddable":true,"href":"https:\/\/www.nordi.ee\/en\/wp-json\/wp\/v2\/comments?post=36432"}],"wp:featuredmedia":[{"embeddable":true,"href":"https:\/\/www.nordi.ee\/en\/wp-json\/wp\/v2\/media\/18072"}],"wp:attachment":[{"href":"https:\/\/www.nordi.ee\/en\/wp-json\/wp\/v2\/media?parent=36432"}],"wp:term":[{"taxonomy":"product_brand","embeddable":true,"href":"https:\/\/www.nordi.ee\/en\/wp-json\/wp\/v2\/product_brand?post=36432"},{"taxonomy":"product_cat","embeddable":true,"href":"https:\/\/www.nordi.ee\/en\/wp-json\/wp\/v2\/product_cat?post=36432"},{"taxonomy":"product_tag","embeddable":true,"href":"https:\/\/www.nordi.ee\/en\/wp-json\/wp\/v2\/product_tag?post=36432"}],"curies":[{"name":"wp","href":"https:\/\/api.w.org\/{rel}","templated":true}]}}