{"id":36407,"date":"2025-11-12T08:38:25","date_gmt":"2025-11-12T06:38:25","guid":{"rendered":"https:\/\/www.nordi.ee\/toode\/valamukapp-figlar-su-60-valge-3-tooni\/"},"modified":"2026-04-13T05:22:53","modified_gmt":"2026-04-13T02:22:53","slug":"valamukapp-figlar-su-60-valge-3-tooni","status":"publish","type":"product","link":"https:\/\/www.nordi.ee\/en\/toode\/valamukapp-figlar-su-60-valge-3-tooni\/","title":{"rendered":"Valamukapp FIGARO 60, valge"},"content":{"rendered":"<p>kraanikausi kapp, m\u00f5\u00f5tmed: 60\/46\/48 cm, materjal: laminaatud sa ???a, v\u00e4rv: valge + 3 esi\u00e4\u00e4rte v\u00e4rvi: valge, antriit, k\u00e4sit\u00f6\u00f6 tamme<\/p>\n","protected":false},"excerpt":{"rendered":"<p>kraanikausi kapp, m\u00f5\u00f5tmed: 60\/46\/48 cm, materjal: laminaatud sa ???a, v\u00e4rv: valge + 3 esi\u00e4\u00e4rte v\u00e4rvi: valge, antriit, k\u00e4sit\u00f6\u00f6 tamme<\/p>\n","protected":false},"featured_media":18060,"comment_status":"closed","ping_status":"closed","template":"","meta":{"_gspb_post_css":""},"product_brand":[],"product_cat":[189],"product_tag":[],"class_list":{"0":"post-36407","1":"product","2":"type-product","3":"status-publish","4":"has-post-thumbnail","6":"product_cat-vannituba","7":"pa_korgus-1490","8":"pa_laius-310","9":"pa_materjal-lamineeritud-puitlaastplaat","10":"pa_pakkide-arv-226","11":"pa_stiil-moodne","12":"pa_stiil-skandinaavia","13":"pa_sugavus-1392","14":"pa_vahelaos-jah","15":"pa_varv-valge","17":"first","18":"instock","19":"sale","20":"purchasable","21":"product-type-simple"},"_links":{"self":[{"href":"https:\/\/www.nordi.ee\/en\/wp-json\/wp\/v2\/product\/36407","targetHints":{"allow":["GET"]}}],"collection":[{"href":"https:\/\/www.nordi.ee\/en\/wp-json\/wp\/v2\/product"}],"about":[{"href":"https:\/\/www.nordi.ee\/en\/wp-json\/wp\/v2\/types\/product"}],"replies":[{"embeddable":true,"href":"https:\/\/www.nordi.ee\/en\/wp-json\/wp\/v2\/comments?post=36407"}],"wp:featuredmedia":[{"embeddable":true,"href":"https:\/\/www.nordi.ee\/en\/wp-json\/wp\/v2\/media\/18060"}],"wp:attachment":[{"href":"https:\/\/www.nordi.ee\/en\/wp-json\/wp\/v2\/media?parent=36407"}],"wp:term":[{"taxonomy":"product_brand","embeddable":true,"href":"https:\/\/www.nordi.ee\/en\/wp-json\/wp\/v2\/product_brand?post=36407"},{"taxonomy":"product_cat","embeddable":true,"href":"https:\/\/www.nordi.ee\/en\/wp-json\/wp\/v2\/product_cat?post=36407"},{"taxonomy":"product_tag","embeddable":true,"href":"https:\/\/www.nordi.ee\/en\/wp-json\/wp\/v2\/product_tag?post=36407"}],"curies":[{"name":"wp","href":"https:\/\/api.w.org\/{rel}","templated":true}]}}