{"id":36383,"date":"2025-11-12T08:36:34","date_gmt":"2025-11-12T06:36:34","guid":{"rendered":"https:\/\/www.nordi.ee\/toode\/pikendatav-soogilaud-fieron-naturaalne-tamm-must\/"},"modified":"2026-04-13T05:22:51","modified_gmt":"2026-04-13T02:22:51","slug":"pikendatav-soogilaud-fieron-naturaalne-tamm-must","status":"publish","type":"product","link":"https:\/\/www.nordi.ee\/en\/toode\/pikendatav-soogilaud-fieron-naturaalne-tamm-must\/","title":{"rendered":"Pikendatav S\u00f6\u00f6gilaud FIERON, naturaalne tamm \/ must"},"content":{"rendered":"<p>laienduslaud, m\u00f5\u00f5dud: 200-280\/100\/77 cm, materjal: p\u00f5hi &#8211; MDF plaat + tamme liistud, servad &#8211; massiivne puit, jalad &#8211; massiivne p\u00f6\u00f6k, v\u00e4rv: p\u00f5hi &#8211; looduslik tamm, jalad &#8211; must.<\/p>\n","protected":false},"excerpt":{"rendered":"<p>laienduslaud, m\u00f5\u00f5dud: 200-280\/100\/77 cm, materjal: p\u00f5hi &#8211; MDF plaat + tamme liistud, servad &#8211; massiivne puit, jalad &#8211; massiivne p\u00f6\u00f6k, v\u00e4rv: p\u00f5hi &#8211; looduslik tamm, jalad &#8211; must.<\/p>\n","protected":false},"featured_media":18044,"comment_status":"closed","ping_status":"open","template":"","meta":{"_gspb_post_css":""},"product_brand":[],"product_cat":[190,167],"product_tag":[],"class_list":{"0":"post-36383","1":"product","2":"type-product","3":"status-publish","4":"has-post-thumbnail","6":"product_cat-soogilauad","7":"product_cat-soogituba","8":"pa_jalgade-arv-547","9":"pa_korgus-505","10":"pa_laius-615","11":"pa_laua-suurus-8-person-12-person","12":"pa_laua-varvus-pruun","13":"pa_laua-varvus-tamm","14":"pa_laua-viimistlus-matt","15":"pa_lauaplaadi-kuju-ristkulikukujuline","16":"pa_lauaplaadi-materjal-tamme-liistud","17":"pa_maximum-pikkus-4226","18":"pa_pakkide-arv-466","19":"pa_pikendatav-jah","20":"pa_raami-materjal-puit","21":"pa_stiil-modernne","22":"pa_stiil-skandinaavia","23":"pa_stiil-boho","24":"pa_stiil-loft","25":"pa_sugavus-4095","26":"pa_vahelaos-jah","27":"pa_varv-must","29":"first","30":"instock","31":"sale","32":"purchasable","33":"product-type-simple"},"_links":{"self":[{"href":"https:\/\/www.nordi.ee\/en\/wp-json\/wp\/v2\/product\/36383","targetHints":{"allow":["GET"]}}],"collection":[{"href":"https:\/\/www.nordi.ee\/en\/wp-json\/wp\/v2\/product"}],"about":[{"href":"https:\/\/www.nordi.ee\/en\/wp-json\/wp\/v2\/types\/product"}],"replies":[{"embeddable":true,"href":"https:\/\/www.nordi.ee\/en\/wp-json\/wp\/v2\/comments?post=36383"}],"wp:featuredmedia":[{"embeddable":true,"href":"https:\/\/www.nordi.ee\/en\/wp-json\/wp\/v2\/media\/18044"}],"wp:attachment":[{"href":"https:\/\/www.nordi.ee\/en\/wp-json\/wp\/v2\/media?parent=36383"}],"wp:term":[{"taxonomy":"product_brand","embeddable":true,"href":"https:\/\/www.nordi.ee\/en\/wp-json\/wp\/v2\/product_brand?post=36383"},{"taxonomy":"product_cat","embeddable":true,"href":"https:\/\/www.nordi.ee\/en\/wp-json\/wp\/v2\/product_cat?post=36383"},{"taxonomy":"product_tag","embeddable":true,"href":"https:\/\/www.nordi.ee\/en\/wp-json\/wp\/v2\/product_tag?post=36383"}],"curies":[{"name":"wp","href":"https:\/\/api.w.org\/{rel}","templated":true}]}}