{"id":36348,"date":"2025-11-12T08:33:26","date_gmt":"2025-11-12T06:33:26","guid":{"rendered":"https:\/\/www.nordi.ee\/toode\/erika-tostetav-kohvilaud-varv-kunstniku-tamm-must\/"},"modified":"2026-04-13T05:22:48","modified_gmt":"2026-04-13T02:22:48","slug":"erika-tostetav-kohvilaud-varv-kunstniku-tamm-must","status":"publish","type":"product","link":"https:\/\/www.nordi.ee\/en\/toode\/erika-tostetav-kohvilaud-varv-kunstniku-tamm-must\/","title":{"rendered":"Kohvilaud ERIKA, tamm \/ must"},"content":{"rendered":"<p>m\u00f5\u00f5tmed: 120-160\/70\/61-72 cm, t\u00f5stetav kohvilaud, materjal: laminaatpuitlaastplaat, v\u00e4rv: k\u00e4sit\u00f6\u00f6 tamm \/ must<\/p>\n","protected":false},"excerpt":{"rendered":"<p>m\u00f5\u00f5tmed: 120-160\/70\/61-72 cm, t\u00f5stetav kohvilaud, materjal: laminaatpuitlaastplaat, v\u00e4rv: k\u00e4sit\u00f6\u00f6 tamm \/ must<\/p>\n","protected":false},"featured_media":18026,"comment_status":"closed","ping_status":"closed","template":"","meta":{"_gspb_post_css":""},"product_brand":[],"product_cat":[178,165],"product_tag":[],"class_list":{"0":"post-36348","1":"product","2":"type-product","3":"status-publish","4":"has-post-thumbnail","6":"product_cat-diivanilauad","7":"product_cat-elutuba","8":"pa_korgus-2455","9":"pa_laius-427","10":"pa_laua-viimistlus-matt","11":"pa_lauaplaadi-kuju-ristkulikukujuline","12":"pa_lauaplaadi-materjal-lamineeritud-puitlaastplaat","13":"pa_lisafunktsioonid-kokkuklapitavad-plaadid","14":"pa_lisafunktsioonid-lauaplaat-pikendusega","15":"pa_maximum-pikkus-4208","16":"pa_pakkide-arv-466","17":"pa_raami-materjal-lamineeritud-puitlaastplaat","18":"pa_raami-varv-artisan-tamm","19":"pa_raami-varv-must","20":"pa_stiil-traditsiooniline","21":"pa_sugavus-1832","22":"pa_vahelaos-jah","23":"pa_varv-must","24":"pa_varv-tamm","26":"first","27":"instock","28":"sale","29":"purchasable","30":"product-type-simple"},"_links":{"self":[{"href":"https:\/\/www.nordi.ee\/en\/wp-json\/wp\/v2\/product\/36348","targetHints":{"allow":["GET"]}}],"collection":[{"href":"https:\/\/www.nordi.ee\/en\/wp-json\/wp\/v2\/product"}],"about":[{"href":"https:\/\/www.nordi.ee\/en\/wp-json\/wp\/v2\/types\/product"}],"replies":[{"embeddable":true,"href":"https:\/\/www.nordi.ee\/en\/wp-json\/wp\/v2\/comments?post=36348"}],"wp:featuredmedia":[{"embeddable":true,"href":"https:\/\/www.nordi.ee\/en\/wp-json\/wp\/v2\/media\/18026"}],"wp:attachment":[{"href":"https:\/\/www.nordi.ee\/en\/wp-json\/wp\/v2\/media?parent=36348"}],"wp:term":[{"taxonomy":"product_brand","embeddable":true,"href":"https:\/\/www.nordi.ee\/en\/wp-json\/wp\/v2\/product_brand?post=36348"},{"taxonomy":"product_cat","embeddable":true,"href":"https:\/\/www.nordi.ee\/en\/wp-json\/wp\/v2\/product_cat?post=36348"},{"taxonomy":"product_tag","embeddable":true,"href":"https:\/\/www.nordi.ee\/en\/wp-json\/wp\/v2\/product_tag?post=36348"}],"curies":[{"name":"wp","href":"https:\/\/api.w.org\/{rel}","templated":true}]}}