{"id":36308,"date":"2025-11-12T08:33:26","date_gmt":"2025-11-12T06:33:26","guid":{"rendered":"https:\/\/www.nordi.ee\/toode\/elefante-ummargune-laud-naturaalne-tamm\/"},"modified":"2026-04-13T05:22:45","modified_gmt":"2026-04-13T02:22:45","slug":"ummargune-soogilaud-elefant-naturaalne-tamm","status":"publish","type":"product","link":"https:\/\/www.nordi.ee\/en\/toode\/ummargune-soogilaud-elefant-naturaalne-tamm\/","title":{"rendered":"\u00dcmmargune s\u00f6\u00f6gilaud ELEFANT, naturaalne tamm"},"content":{"rendered":"<p>kirst, m\u00f5\u00f5tmed: 120\/77 cm, materjal: MDF + naturaalne tammepuit, v\u00e4rv: naturaalne tamm<\/p>\n","protected":false},"excerpt":{"rendered":"<p>kirst, m\u00f5\u00f5tmed: 120\/77 cm, materjal: MDF + naturaalne tammepuit, v\u00e4rv: naturaalne tamm<\/p>\n","protected":false},"featured_media":18014,"comment_status":"closed","ping_status":"closed","template":"","meta":{"_gspb_post_css":""},"product_brand":[],"product_cat":[190,167],"product_tag":[],"class_list":{"0":"post-36308","1":"product","2":"type-product","3":"status-publish","4":"has-post-thumbnail","6":"product_cat-soogilauad","7":"product_cat-soogituba","8":"pa_jalgade-arv-289","9":"pa_korgus-505","10":"pa_laius-286","11":"pa_laua-suurus-5-person","12":"pa_laua-varvus-tamm","13":"pa_laua-viimistlus-matt","14":"pa_lauaplaadi-kuju-ummargune","15":"pa_lauaplaadi-materjal-spoon","16":"pa_pakkide-arv-295","17":"pa_pikendatav-ei","18":"pa_raami-materjal-mdf","19":"pa_stiil-moodne","20":"pa_stiil-skandinaavia","21":"pa_sugavus-1832","22":"pa_vahelaos-jah","23":"pa_varv-tamm","25":"first","26":"instock","27":"sale","28":"purchasable","29":"product-type-simple"},"_links":{"self":[{"href":"https:\/\/www.nordi.ee\/en\/wp-json\/wp\/v2\/product\/36308","targetHints":{"allow":["GET"]}}],"collection":[{"href":"https:\/\/www.nordi.ee\/en\/wp-json\/wp\/v2\/product"}],"about":[{"href":"https:\/\/www.nordi.ee\/en\/wp-json\/wp\/v2\/types\/product"}],"replies":[{"embeddable":true,"href":"https:\/\/www.nordi.ee\/en\/wp-json\/wp\/v2\/comments?post=36308"}],"wp:featuredmedia":[{"embeddable":true,"href":"https:\/\/www.nordi.ee\/en\/wp-json\/wp\/v2\/media\/18014"}],"wp:attachment":[{"href":"https:\/\/www.nordi.ee\/en\/wp-json\/wp\/v2\/media?parent=36308"}],"wp:term":[{"taxonomy":"product_brand","embeddable":true,"href":"https:\/\/www.nordi.ee\/en\/wp-json\/wp\/v2\/product_brand?post=36308"},{"taxonomy":"product_cat","embeddable":true,"href":"https:\/\/www.nordi.ee\/en\/wp-json\/wp\/v2\/product_cat?post=36308"},{"taxonomy":"product_tag","embeddable":true,"href":"https:\/\/www.nordi.ee\/en\/wp-json\/wp\/v2\/product_tag?post=36308"}],"curies":[{"name":"wp","href":"https:\/\/api.w.org\/{rel}","templated":true}]}}