{"id":36198,"date":"2025-11-12T08:26:45","date_gmt":"2025-11-12T06:26:45","guid":{"rendered":"https:\/\/www.nordi.ee\/toode\/kontinentaalne-2-160-voodi-beez-monolith-09\/"},"modified":"2026-04-13T05:22:33","modified_gmt":"2026-04-13T02:22:33","slug":"voodi-kontinen-2-160-beez-monolith-09","status":"publish","type":"product","link":"https:\/\/www.nordi.ee\/en\/toode\/voodi-kontinen-2-160-beez-monolith-09\/","title":{"rendered":"Voodi KONTINEN 2 160, bee\u017e &#8211; Monolith 09"},"content":{"rendered":"<p>voodi koos voodipesu mahutiga, materjal: sametkangas \/ massiivne puit, v\u00e4rv: bee\u017e, * voodi ilma madratsita, valikuline madrats POLARIS 160 v\u00f5i SYRIUSZ 160<\/p>\n","protected":false},"excerpt":{"rendered":"<p>voodi koos voodipesu mahutiga, materjal: sametkangas \/ massiivne puit, v\u00e4rv: bee\u017e, * voodi ilma madratsita, valikuline madrats POLARIS 160 v\u00f5i SYRIUSZ 160<\/p>\n","protected":false},"featured_media":17952,"comment_status":"closed","ping_status":"closed","template":"","meta":{"_gspb_post_css":""},"product_brand":[],"product_cat":[166,215,179],"product_tag":[],"class_list":{"0":"post-36198","1":"product","2":"type-product","3":"status-publish","4":"has-post-thumbnail","6":"product_cat-magamistuba","7":"product_cat-pehme-moobel","8":"product_cat-voodid","9":"pa_kanga-tuup-sametkangas","10":"pa_korgus-311","11":"pa_laius-2048","12":"pa_pakkide-arv-226","13":"pa_pesukast-jah","14":"pa_sobiv-madratsi-suurus-160x200cm","15":"pa_stiil-kaasaegne","16":"pa_sugavus-4156","17":"pa_tuba-magamistuba","18":"pa_vahelaos-jah","19":"pa_varv-beez","20":"pa_voodituup-polsterdatud","22":"first","23":"instock","24":"sale","25":"purchasable","26":"product-type-simple"},"_links":{"self":[{"href":"https:\/\/www.nordi.ee\/en\/wp-json\/wp\/v2\/product\/36198","targetHints":{"allow":["GET"]}}],"collection":[{"href":"https:\/\/www.nordi.ee\/en\/wp-json\/wp\/v2\/product"}],"about":[{"href":"https:\/\/www.nordi.ee\/en\/wp-json\/wp\/v2\/types\/product"}],"replies":[{"embeddable":true,"href":"https:\/\/www.nordi.ee\/en\/wp-json\/wp\/v2\/comments?post=36198"}],"wp:featuredmedia":[{"embeddable":true,"href":"https:\/\/www.nordi.ee\/en\/wp-json\/wp\/v2\/media\/17952"}],"wp:attachment":[{"href":"https:\/\/www.nordi.ee\/en\/wp-json\/wp\/v2\/media?parent=36198"}],"wp:term":[{"taxonomy":"product_brand","embeddable":true,"href":"https:\/\/www.nordi.ee\/en\/wp-json\/wp\/v2\/product_brand?post=36198"},{"taxonomy":"product_cat","embeddable":true,"href":"https:\/\/www.nordi.ee\/en\/wp-json\/wp\/v2\/product_cat?post=36198"},{"taxonomy":"product_tag","embeddable":true,"href":"https:\/\/www.nordi.ee\/en\/wp-json\/wp\/v2\/product_tag?post=36198"}],"curies":[{"name":"wp","href":"https:\/\/api.w.org\/{rel}","templated":true}]}}