{"id":36154,"date":"2025-11-12T08:26:12","date_gmt":"2025-11-12T06:26:12","guid":{"rendered":"https:\/\/www.nordi.ee\/toode\/clif-st-100-kappe-artisaanialune-tamm-valge\/"},"modified":"2026-04-13T05:22:25","modified_gmt":"2026-04-13T02:22:25","slug":"clif-st-100-kappe-artisaanialune-tamm-valge","status":"publish","type":"product","link":"https:\/\/www.nordi.ee\/en\/toode\/clif-st-100-kappe-artisaanialune-tamm-valge\/","title":{"rendered":"Kummut CLARVIN tamm \/ valge"},"content":{"rendered":"<p>m\u00f5\u00f5tmed: 100\/38\/48 cm, materjal: laminaatkiudplaadi, v\u00e4rv: k\u00e4sit\u00f6\u00f6lise tammed \/ valge<\/p>\n","protected":false},"excerpt":{"rendered":"<p>m\u00f5\u00f5tmed: 100\/38\/48 cm, materjal: laminaatkiudplaadi, v\u00e4rv: k\u00e4sit\u00f6\u00f6lise tammed \/ valge<\/p>\n","protected":false},"featured_media":17914,"comment_status":"closed","ping_status":"closed","template":"","meta":{"_gspb_post_css":""},"product_brand":[],"product_cat":[165,4067],"product_tag":[],"class_list":{"0":"post-36154","1":"product","2":"type-product","3":"status-publish","4":"has-post-thumbnail","6":"product_cat-elutuba","7":"product_cat-kummutid","8":"pa_korgus-1490","9":"pa_laius-615","10":"pa_materjal-lamineeritud-puitlaastplaat","11":"pa_pakkide-arv-226","12":"pa_stiil-kaasaegne","13":"pa_sugavus-624","14":"pa_vahelaos-jah","15":"pa_varv-tamm","16":"pa_varv-valge","18":"first","19":"instock","20":"sale","21":"purchasable","22":"product-type-simple"},"_links":{"self":[{"href":"https:\/\/www.nordi.ee\/en\/wp-json\/wp\/v2\/product\/36154","targetHints":{"allow":["GET"]}}],"collection":[{"href":"https:\/\/www.nordi.ee\/en\/wp-json\/wp\/v2\/product"}],"about":[{"href":"https:\/\/www.nordi.ee\/en\/wp-json\/wp\/v2\/types\/product"}],"replies":[{"embeddable":true,"href":"https:\/\/www.nordi.ee\/en\/wp-json\/wp\/v2\/comments?post=36154"}],"wp:featuredmedia":[{"embeddable":true,"href":"https:\/\/www.nordi.ee\/en\/wp-json\/wp\/v2\/media\/17914"}],"wp:attachment":[{"href":"https:\/\/www.nordi.ee\/en\/wp-json\/wp\/v2\/media?parent=36154"}],"wp:term":[{"taxonomy":"product_brand","embeddable":true,"href":"https:\/\/www.nordi.ee\/en\/wp-json\/wp\/v2\/product_brand?post=36154"},{"taxonomy":"product_cat","embeddable":true,"href":"https:\/\/www.nordi.ee\/en\/wp-json\/wp\/v2\/product_cat?post=36154"},{"taxonomy":"product_tag","embeddable":true,"href":"https:\/\/www.nordi.ee\/en\/wp-json\/wp\/v2\/product_tag?post=36154"}],"curies":[{"name":"wp","href":"https:\/\/api.w.org\/{rel}","templated":true}]}}