{"id":36152,"date":"2025-11-12T08:26:12","date_gmt":"2025-11-12T06:26:12","guid":{"rendered":"https:\/\/www.nordi.ee\/toode\/kapp-clarvin-st-100-kunsttamm\/"},"modified":"2026-04-13T05:22:23","modified_gmt":"2026-04-13T02:22:23","slug":"kapp-clarvin-st-100-kunsttamm","status":"publish","type":"product","link":"https:\/\/www.nordi.ee\/en\/toode\/kapp-clarvin-st-100-kunsttamm\/","title":{"rendered":"Kummut CLARVIN ST-100, artisan tamm"},"content":{"rendered":"<p>m\u00f5\u00f5tmed: 100\/38\/48 cm, materjal: laminaatkiudplaat, v\u00e4rv: k\u00e4sit\u00f6\u00f6 tamme<\/p>\n","protected":false},"excerpt":{"rendered":"<p>m\u00f5\u00f5tmed: 100\/38\/48 cm, materjal: laminaatkiudplaat, v\u00e4rv: k\u00e4sit\u00f6\u00f6 tamme<\/p>\n","protected":false},"featured_media":17910,"comment_status":"closed","ping_status":"closed","template":"","meta":{"_gspb_post_css":""},"product_brand":[],"product_cat":[4067],"product_tag":[],"class_list":{"0":"post-36152","1":"product","2":"type-product","3":"status-publish","4":"has-post-thumbnail","6":"product_cat-kummutid","7":"pa_korgus-1490","8":"pa_laius-615","9":"pa_materjal-lamineeritud-puitlaastplaat","10":"pa_pakkide-arv-226","11":"pa_stiil-kaasaegne","12":"pa_sugavus-624","13":"pa_vahelaos-ei","14":"pa_varv-tamm","16":"first","17":"instock","18":"sale","19":"purchasable","20":"product-type-simple"},"_links":{"self":[{"href":"https:\/\/www.nordi.ee\/en\/wp-json\/wp\/v2\/product\/36152","targetHints":{"allow":["GET"]}}],"collection":[{"href":"https:\/\/www.nordi.ee\/en\/wp-json\/wp\/v2\/product"}],"about":[{"href":"https:\/\/www.nordi.ee\/en\/wp-json\/wp\/v2\/types\/product"}],"replies":[{"embeddable":true,"href":"https:\/\/www.nordi.ee\/en\/wp-json\/wp\/v2\/comments?post=36152"}],"wp:featuredmedia":[{"embeddable":true,"href":"https:\/\/www.nordi.ee\/en\/wp-json\/wp\/v2\/media\/17910"}],"wp:attachment":[{"href":"https:\/\/www.nordi.ee\/en\/wp-json\/wp\/v2\/media?parent=36152"}],"wp:term":[{"taxonomy":"product_brand","embeddable":true,"href":"https:\/\/www.nordi.ee\/en\/wp-json\/wp\/v2\/product_brand?post=36152"},{"taxonomy":"product_cat","embeddable":true,"href":"https:\/\/www.nordi.ee\/en\/wp-json\/wp\/v2\/product_cat?post=36152"},{"taxonomy":"product_tag","embeddable":true,"href":"https:\/\/www.nordi.ee\/en\/wp-json\/wp\/v2\/product_tag?post=36152"}],"curies":[{"name":"wp","href":"https:\/\/api.w.org\/{rel}","templated":true}]}}