{"id":36115,"date":"2025-11-12T08:24:24","date_gmt":"2025-11-12T06:24:24","guid":{"rendered":"https:\/\/www.nordi.ee\/toode\/caboto-varv-valge-2\/"},"modified":"2026-04-13T05:22:14","modified_gmt":"2026-04-13T02:22:14","slug":"caboto-varv-valge-2","status":"publish","type":"product","link":"https:\/\/www.nordi.ee\/en\/toode\/caboto-varv-valge-2\/","title":{"rendered":"Riiul CIABATA, valge"},"content":{"rendered":"<p>m\u00f5\u00f5tmed: 139\/33\/144 cm, materjal: laminaatm\u00f6\u00f6bli pinda, v\u00e4rv: valge<\/p>\n","protected":false},"excerpt":{"rendered":"<p>m\u00f5\u00f5tmed: 139\/33\/144 cm, materjal: laminaatm\u00f6\u00f6bli pinda, v\u00e4rv: valge<\/p>\n","protected":false},"featured_media":17867,"comment_status":"closed","ping_status":"closed","template":"","meta":{"_gspb_post_css":""},"product_brand":[],"product_cat":[165,200],"product_tag":[],"class_list":{"0":"post-36115","1":"product","2":"type-product","3":"status-publish","4":"has-post-thumbnail","6":"product_cat-elutuba","7":"product_cat-riiulid","8":"pa_korgus-2300","9":"pa_laius-680","10":"pa_materjal-lamineeritud-puitlaastplaat","11":"pa_pakkide-arv-295","12":"pa_stiil-traditsiooniline","13":"pa_sugavus-1006","14":"pa_vahelaos-ei","15":"pa_varv-valge","17":"first","18":"instock","19":"sale","20":"purchasable","21":"product-type-simple"},"_links":{"self":[{"href":"https:\/\/www.nordi.ee\/en\/wp-json\/wp\/v2\/product\/36115","targetHints":{"allow":["GET"]}}],"collection":[{"href":"https:\/\/www.nordi.ee\/en\/wp-json\/wp\/v2\/product"}],"about":[{"href":"https:\/\/www.nordi.ee\/en\/wp-json\/wp\/v2\/types\/product"}],"replies":[{"embeddable":true,"href":"https:\/\/www.nordi.ee\/en\/wp-json\/wp\/v2\/comments?post=36115"}],"wp:featuredmedia":[{"embeddable":true,"href":"https:\/\/www.nordi.ee\/en\/wp-json\/wp\/v2\/media\/17867"}],"wp:attachment":[{"href":"https:\/\/www.nordi.ee\/en\/wp-json\/wp\/v2\/media?parent=36115"}],"wp:term":[{"taxonomy":"product_brand","embeddable":true,"href":"https:\/\/www.nordi.ee\/en\/wp-json\/wp\/v2\/product_brand?post=36115"},{"taxonomy":"product_cat","embeddable":true,"href":"https:\/\/www.nordi.ee\/en\/wp-json\/wp\/v2\/product_cat?post=36115"},{"taxonomy":"product_tag","embeddable":true,"href":"https:\/\/www.nordi.ee\/en\/wp-json\/wp\/v2\/product_tag?post=36115"}],"curies":[{"name":"wp","href":"https:\/\/api.w.org\/{rel}","templated":true}]}}