{"id":36031,"date":"2025-11-12T08:17:02","date_gmt":"2025-11-12T06:17:02","guid":{"rendered":"https:\/\/www.nordi.ee\/toode\/pikendatav-laud-brantor-kasmiir-kreemona-tamm\/"},"modified":"2026-04-13T05:22:07","modified_gmt":"2026-04-13T02:22:07","slug":"pikendatav-laud-brantor-kasmiir-kreemona-tamm","status":"publish","type":"product","link":"https:\/\/www.nordi.ee\/en\/toode\/pikendatav-laud-brantor-kasmiir-kreemona-tamm\/","title":{"rendered":"Pikendatav s\u00f6\u00f6gilaud BRANTOR, ka\u0161miir \/ tamm"},"content":{"rendered":"<p>m\u00f5\u00f5tmed: 160-200\/90\/77 cm, pikendatav laud, materjal: laminaatplaat, v\u00e4rv: ka\u0161miir \/ kreeka tamm<\/p>\n","protected":false},"excerpt":{"rendered":"<p>m\u00f5\u00f5tmed: 160-200\/90\/77 cm, pikendatav laud, materjal: laminaatplaat, v\u00e4rv: ka\u0161miir \/ kreeka tamm<\/p>\n","protected":false},"featured_media":17822,"comment_status":"closed","ping_status":"closed","template":"","meta":{"_gspb_post_css":""},"product_brand":[],"product_cat":[190,167],"product_tag":[],"class_list":{"0":"post-36031","1":"product","2":"type-product","3":"status-publish","4":"has-post-thumbnail","6":"product_cat-soogilauad","7":"product_cat-soogituba","8":"pa_jalgade-arv-547","9":"pa_korgus-505","10":"pa_laius-349","11":"pa_laua-suurus-8-person-6-person","12":"pa_laua-varvus-kasmiir","13":"pa_laua-viimistlus-matt","14":"pa_lauaplaadi-kuju-ristkulikukujuline","15":"pa_lauaplaadi-materjal-lamineeritud-puitlaastplaat","16":"pa_maximum-pikkus-4207","17":"pa_pakkide-arv-295","18":"pa_pikendatav-jah","19":"pa_raami-materjal-lamineeritud-puitlaastplaat","20":"pa_stiil-traditsiooniline","21":"pa_sugavus-4084","22":"pa_vahelaos-jah","23":"pa_varv-pruun","24":"pa_varv-tamm","26":"first","27":"instock","28":"sale","29":"purchasable","30":"product-type-simple"},"_links":{"self":[{"href":"https:\/\/www.nordi.ee\/en\/wp-json\/wp\/v2\/product\/36031","targetHints":{"allow":["GET"]}}],"collection":[{"href":"https:\/\/www.nordi.ee\/en\/wp-json\/wp\/v2\/product"}],"about":[{"href":"https:\/\/www.nordi.ee\/en\/wp-json\/wp\/v2\/types\/product"}],"replies":[{"embeddable":true,"href":"https:\/\/www.nordi.ee\/en\/wp-json\/wp\/v2\/comments?post=36031"}],"wp:featuredmedia":[{"embeddable":true,"href":"https:\/\/www.nordi.ee\/en\/wp-json\/wp\/v2\/media\/17822"}],"wp:attachment":[{"href":"https:\/\/www.nordi.ee\/en\/wp-json\/wp\/v2\/media?parent=36031"}],"wp:term":[{"taxonomy":"product_brand","embeddable":true,"href":"https:\/\/www.nordi.ee\/en\/wp-json\/wp\/v2\/product_brand?post=36031"},{"taxonomy":"product_cat","embeddable":true,"href":"https:\/\/www.nordi.ee\/en\/wp-json\/wp\/v2\/product_cat?post=36031"},{"taxonomy":"product_tag","embeddable":true,"href":"https:\/\/www.nordi.ee\/en\/wp-json\/wp\/v2\/product_tag?post=36031"}],"curies":[{"name":"wp","href":"https:\/\/api.w.org\/{rel}","templated":true}]}}