{"id":36022,"date":"2025-11-12T08:17:02","date_gmt":"2025-11-12T06:17:02","guid":{"rendered":"https:\/\/www.nordi.ee\/toode\/ookapp-borlena-sn-1-tamm-must\/"},"modified":"2026-04-12T05:21:42","modified_gmt":"2026-04-12T02:21:42","slug":"ookapp-borlena-sn-1-tamm-must","status":"publish","type":"product","link":"https:\/\/www.nordi.ee\/en\/toode\/ookapp-borlena-sn-1-tamm-must\/","title":{"rendered":"\u00d6\u00f6kapp BORLENA SN-1, tamm \/ must"},"content":{"rendered":"<p>\u00f6\u00f6laud, m\u00f5\u00f5tmed: 50\/34\/52 cm, materjal: laminaatplaat \/ laminaat MDF \/ laminaat HDF plaat \/ pol\u00fcprop\u00fcleen, v\u00e4rv: artisani tamm \/ must  nM\u00e4rkus: plekimuster on tr\u00fckitud<\/p>\n","protected":false},"excerpt":{"rendered":"<p>\u00f6\u00f6laud, m\u00f5\u00f5tmed: 50\/34\/52 cm, materjal: laminaatplaat \/ laminaat MDF \/ laminaat HDF plaat \/ pol\u00fcprop\u00fcleen, v\u00e4rv: artisani tamm \/ must nM\u00e4rkus: plekimuster on tr\u00fckitud<\/p>\n","protected":false},"featured_media":17818,"comment_status":"closed","ping_status":"open","template":"","meta":{"_gspb_post_css":""},"product_brand":[],"product_cat":[166,199],"product_tag":[],"class_list":{"0":"post-36022","1":"product","2":"type-product","3":"status-publish","4":"has-post-thumbnail","6":"product_cat-magamistuba","7":"product_cat-ookapid","8":"pa_korgus-1866","9":"pa_laius-300","10":"pa_materjal-hdd-plaat","11":"pa_materjal-lamineeritud-mdf","12":"pa_materjal-lamineeritud-puitlaastplaat","13":"pa_pakkide-arv-226","14":"pa_stiil-boho","15":"pa_stiil-kaasaegne","16":"pa_stiil-skandinaavia","17":"pa_sugavus-664","18":"pa_vahelaos-ei","19":"pa_varv-artisan-tamm","20":"pa_varv-must","22":"first","23":"instock","24":"sale","25":"purchasable","26":"product-type-simple"},"_links":{"self":[{"href":"https:\/\/www.nordi.ee\/en\/wp-json\/wp\/v2\/product\/36022","targetHints":{"allow":["GET"]}}],"collection":[{"href":"https:\/\/www.nordi.ee\/en\/wp-json\/wp\/v2\/product"}],"about":[{"href":"https:\/\/www.nordi.ee\/en\/wp-json\/wp\/v2\/types\/product"}],"replies":[{"embeddable":true,"href":"https:\/\/www.nordi.ee\/en\/wp-json\/wp\/v2\/comments?post=36022"}],"wp:featuredmedia":[{"embeddable":true,"href":"https:\/\/www.nordi.ee\/en\/wp-json\/wp\/v2\/media\/17818"}],"wp:attachment":[{"href":"https:\/\/www.nordi.ee\/en\/wp-json\/wp\/v2\/media?parent=36022"}],"wp:term":[{"taxonomy":"product_brand","embeddable":true,"href":"https:\/\/www.nordi.ee\/en\/wp-json\/wp\/v2\/product_brand?post=36022"},{"taxonomy":"product_cat","embeddable":true,"href":"https:\/\/www.nordi.ee\/en\/wp-json\/wp\/v2\/product_cat?post=36022"},{"taxonomy":"product_tag","embeddable":true,"href":"https:\/\/www.nordi.ee\/en\/wp-json\/wp\/v2\/product_tag?post=36022"}],"curies":[{"name":"wp","href":"https:\/\/api.w.org\/{rel}","templated":true}]}}