{"id":36013,"date":"2025-11-12T08:17:02","date_gmt":"2025-11-12T06:17:02","guid":{"rendered":"https:\/\/www.nordi.ee\/toode\/kapp-borlena-s-1-tamm-must\/"},"modified":"2026-04-13T05:22:06","modified_gmt":"2026-04-13T02:22:06","slug":"kapp-borlena-s-1-tamm-must","status":"publish","type":"product","link":"https:\/\/www.nordi.ee\/en\/toode\/kapp-borlena-s-1-tamm-must\/","title":{"rendered":"Kapp BORLENA S-1,  tamm \/ must"},"content":{"rendered":"<p>kapid, m\u00f5\u00f5tmed: 80\/57\/200 cm, materjal: laminaatpuitlaastplaadist \/ laminaat MDF-st \/ laminaat HDF plaadist \/ pol\u00fcprop\u00fcleen, v\u00e4rv: kunstipuu \/ must nM\u00e4rkus: punumismuster on prinditud<\/p>\n","protected":false},"excerpt":{"rendered":"<p>kapid, m\u00f5\u00f5tmed: 80\/57\/200 cm, materjal: laminaatpuitlaastplaadist \/ laminaat MDF-st \/ laminaat HDF plaadist \/ pol\u00fcprop\u00fcleen, v\u00e4rv: kunstipuu \/ must nM\u00e4rkus: punumismuster on prinditud<\/p>\n","protected":false},"featured_media":17814,"comment_status":"closed","ping_status":"open","template":"","meta":{"_gspb_post_css":""},"product_brand":[],"product_cat":[166,194],"product_tag":[],"class_list":{"0":"post-36013","1":"product","2":"type-product","3":"status-publish","4":"has-post-thumbnail","6":"product_cat-magamistuba","7":"product_cat-riidekapid","8":"pa_korgus-2278","9":"pa_laius-353","10":"pa_materjal-hdd-plaat","11":"pa_materjal-lamineeritud-mdf","12":"pa_materjal-lamineeritud-puitlaastplaat","13":"pa_pakkide-arv-295","14":"pa_stiil-kaasaegne","15":"pa_stiil-skandinaavia","16":"pa_stiil-boho","17":"pa_sugavus-604","18":"pa_vahelaos-ei","19":"pa_varv-artisan-tamm","20":"pa_varv-must","22":"first","23":"instock","24":"sale","25":"purchasable","26":"product-type-simple"},"_links":{"self":[{"href":"https:\/\/www.nordi.ee\/en\/wp-json\/wp\/v2\/product\/36013","targetHints":{"allow":["GET"]}}],"collection":[{"href":"https:\/\/www.nordi.ee\/en\/wp-json\/wp\/v2\/product"}],"about":[{"href":"https:\/\/www.nordi.ee\/en\/wp-json\/wp\/v2\/types\/product"}],"replies":[{"embeddable":true,"href":"https:\/\/www.nordi.ee\/en\/wp-json\/wp\/v2\/comments?post=36013"}],"wp:featuredmedia":[{"embeddable":true,"href":"https:\/\/www.nordi.ee\/en\/wp-json\/wp\/v2\/media\/17814"}],"wp:attachment":[{"href":"https:\/\/www.nordi.ee\/en\/wp-json\/wp\/v2\/media?parent=36013"}],"wp:term":[{"taxonomy":"product_brand","embeddable":true,"href":"https:\/\/www.nordi.ee\/en\/wp-json\/wp\/v2\/product_brand?post=36013"},{"taxonomy":"product_cat","embeddable":true,"href":"https:\/\/www.nordi.ee\/en\/wp-json\/wp\/v2\/product_cat?post=36013"},{"taxonomy":"product_tag","embeddable":true,"href":"https:\/\/www.nordi.ee\/en\/wp-json\/wp\/v2\/product_tag?post=36013"}],"curies":[{"name":"wp","href":"https:\/\/api.w.org\/{rel}","templated":true}]}}