{"id":36000,"date":"2025-11-12T08:17:02","date_gmt":"2025-11-12T06:17:02","guid":{"rendered":"https:\/\/www.nordi.ee\/toode\/televiisorialus-borlena-rtv-1-tamm-must\/"},"modified":"2026-04-13T05:22:06","modified_gmt":"2026-04-13T02:22:06","slug":"televiisorialus-borlena-rtv-1-tamm-must","status":"publish","type":"product","link":"https:\/\/www.nordi.ee\/en\/toode\/televiisorialus-borlena-rtv-1-tamm-must\/","title":{"rendered":"Televiisorialus BORLENA RTV-1,  tamm \/ must"},"content":{"rendered":"<p>TV-alus, m\u00f5\u00f5tmed: 150\/40\/45 cm, materjal: laminaatpuitlaastplaat \/ laminaat MDF \/ laminaat HDF plaat \/ pol\u00fcprop\u00fcleen, v\u00e4rv: k\u00e4sit\u00f6\u00f6 tamm \/ must  nM\u00e4rkus: punutud muster on prinditud<\/p>\n","protected":false},"excerpt":{"rendered":"<p>TV-alus, m\u00f5\u00f5tmed: 150\/40\/45 cm, materjal: laminaatpuitlaastplaat \/ laminaat MDF \/ laminaat HDF plaat \/ pol\u00fcprop\u00fcleen, v\u00e4rv: k\u00e4sit\u00f6\u00f6 tamm \/ must nM\u00e4rkus: punutud muster on prinditud<\/p>\n","protected":false},"featured_media":17810,"comment_status":"closed","ping_status":"open","template":"","meta":{"_gspb_post_css":""},"product_brand":[],"product_cat":[165,193],"product_tag":[],"class_list":{"0":"post-36000","1":"product","2":"type-product","3":"status-publish","4":"has-post-thumbnail","6":"product_cat-elutuba","7":"product_cat-tv-alused","8":"pa_korgus-343","9":"pa_laius-1938","10":"pa_materjal-hdd-plaat","11":"pa_materjal-lamineeritud-mdf","12":"pa_materjal-lamineeritud-puitlaastplaat","13":"pa_pakkide-arv-226","14":"pa_stiil-kaasaegne","15":"pa_stiil-skandinaavia","16":"pa_stiil-boho","17":"pa_sugavus-646","18":"pa_vahelaos-jah","19":"pa_varv-artisan-tamm","20":"pa_varv-must","22":"first","23":"instock","24":"sale","25":"purchasable","26":"product-type-simple"},"_links":{"self":[{"href":"https:\/\/www.nordi.ee\/en\/wp-json\/wp\/v2\/product\/36000","targetHints":{"allow":["GET"]}}],"collection":[{"href":"https:\/\/www.nordi.ee\/en\/wp-json\/wp\/v2\/product"}],"about":[{"href":"https:\/\/www.nordi.ee\/en\/wp-json\/wp\/v2\/types\/product"}],"replies":[{"embeddable":true,"href":"https:\/\/www.nordi.ee\/en\/wp-json\/wp\/v2\/comments?post=36000"}],"wp:featuredmedia":[{"embeddable":true,"href":"https:\/\/www.nordi.ee\/en\/wp-json\/wp\/v2\/media\/17810"}],"wp:attachment":[{"href":"https:\/\/www.nordi.ee\/en\/wp-json\/wp\/v2\/media?parent=36000"}],"wp:term":[{"taxonomy":"product_brand","embeddable":true,"href":"https:\/\/www.nordi.ee\/en\/wp-json\/wp\/v2\/product_brand?post=36000"},{"taxonomy":"product_cat","embeddable":true,"href":"https:\/\/www.nordi.ee\/en\/wp-json\/wp\/v2\/product_cat?post=36000"},{"taxonomy":"product_tag","embeddable":true,"href":"https:\/\/www.nordi.ee\/en\/wp-json\/wp\/v2\/product_tag?post=36000"}],"curies":[{"name":"wp","href":"https:\/\/api.w.org\/{rel}","templated":true}]}}