{"id":35990,"date":"2025-11-12T08:14:39","date_gmt":"2025-11-12T06:14:39","guid":{"rendered":"https:\/\/www.nordi.ee\/toode\/kapp-borlena-reg-1-tamm-must\/"},"modified":"2026-04-13T05:22:05","modified_gmt":"2026-04-13T02:22:05","slug":"kapp-borlena-reg-1-tamm-must","status":"publish","type":"product","link":"https:\/\/www.nordi.ee\/en\/toode\/kapp-borlena-reg-1-tamm-must\/","title":{"rendered":"Kapp BORLENA REG-1,  tamm \/ must"},"content":{"rendered":"<p>regal, m\u00f5\u00f5tmed: 80\/40\/173 cm, materjal: laminaatplaat \/ laminaat MDF \/ laminaat HDF plaat \/ pol\u00fcprop\u00fcleen, v\u00e4rv: k\u00e4sit\u00f6\u00f6 kuusk \/ must  nM\u00e4rkus: punutismuster on tr\u00fckitud<\/p>\n","protected":false},"excerpt":{"rendered":"<p>regal, m\u00f5\u00f5tmed: 80\/40\/173 cm, materjal: laminaatplaat \/ laminaat MDF \/ laminaat HDF plaat \/ pol\u00fcprop\u00fcleen, v\u00e4rv: k\u00e4sit\u00f6\u00f6 kuusk \/ must nM\u00e4rkus: punutismuster on tr\u00fckitud<\/p>\n","protected":false},"featured_media":17806,"comment_status":"closed","ping_status":"open","template":"","meta":{"_gspb_post_css":""},"product_brand":[],"product_cat":[165,200],"product_tag":[],"class_list":{"0":"post-35990","1":"product","2":"type-product","3":"status-publish","4":"has-post-thumbnail","6":"product_cat-elutuba","7":"product_cat-riiulid","8":"pa_korgus-2277","9":"pa_laius-353","10":"pa_materjal-hdd-plaat","11":"pa_materjal-lamineeritud-mdf","12":"pa_materjal-lamineeritud-puitlaastplaat","13":"pa_pakkide-arv-295","14":"pa_stiil-kaasaegne","15":"pa_stiil-skandinaavia","16":"pa_stiil-boho","17":"pa_sugavus-646","18":"pa_vahelaos-jah","19":"pa_varv-artisan-tamm","20":"pa_varv-must","22":"first","23":"instock","24":"sale","25":"purchasable","26":"product-type-simple"},"_links":{"self":[{"href":"https:\/\/www.nordi.ee\/en\/wp-json\/wp\/v2\/product\/35990","targetHints":{"allow":["GET"]}}],"collection":[{"href":"https:\/\/www.nordi.ee\/en\/wp-json\/wp\/v2\/product"}],"about":[{"href":"https:\/\/www.nordi.ee\/en\/wp-json\/wp\/v2\/types\/product"}],"replies":[{"embeddable":true,"href":"https:\/\/www.nordi.ee\/en\/wp-json\/wp\/v2\/comments?post=35990"}],"wp:featuredmedia":[{"embeddable":true,"href":"https:\/\/www.nordi.ee\/en\/wp-json\/wp\/v2\/media\/17806"}],"wp:attachment":[{"href":"https:\/\/www.nordi.ee\/en\/wp-json\/wp\/v2\/media?parent=35990"}],"wp:term":[{"taxonomy":"product_brand","embeddable":true,"href":"https:\/\/www.nordi.ee\/en\/wp-json\/wp\/v2\/product_brand?post=35990"},{"taxonomy":"product_cat","embeddable":true,"href":"https:\/\/www.nordi.ee\/en\/wp-json\/wp\/v2\/product_cat?post=35990"},{"taxonomy":"product_tag","embeddable":true,"href":"https:\/\/www.nordi.ee\/en\/wp-json\/wp\/v2\/product_tag?post=35990"}],"curies":[{"name":"wp","href":"https:\/\/api.w.org\/{rel}","templated":true}]}}