{"id":35977,"date":"2025-11-12T08:14:39","date_gmt":"2025-11-12T06:14:39","guid":{"rendered":"https:\/\/www.nordi.ee\/toode\/voodi-borlena-loz-160x200-tamm-must\/"},"modified":"2026-04-13T05:22:05","modified_gmt":"2026-04-13T02:22:05","slug":"voodi-borlena-loz-160x200-tamm-must","status":"publish","type":"product","link":"https:\/\/www.nordi.ee\/en\/toode\/voodi-borlena-loz-160x200-tamm-must\/","title":{"rendered":"Voodi BORLENA LOZ-160&#215;200,  tamm \/ must"},"content":{"rendered":"<p>voodi, m\u00f5\u00f5tmed: 165\/205\/100 cm, materjal: laminaatkihtplaadist \/ laminaat MDF-ist \/ laminaat HDF-plaadist \/ pol\u00fcprop\u00fcleen, v\u00e4rv: k\u00e4sit\u00f6\u00f6ne tamm \/ must  nM\u00e4rkus: punutud muster on tr\u00fckitud<\/p>\n","protected":false},"excerpt":{"rendered":"<p>voodi, m\u00f5\u00f5tmed: 165\/205\/100 cm, materjal: laminaatkihtplaadist \/ laminaat MDF-ist \/ laminaat HDF-plaadist \/ pol\u00fcprop\u00fcleen, v\u00e4rv: k\u00e4sit\u00f6\u00f6ne tamm \/ must nM\u00e4rkus: punutud muster on tr\u00fckitud<\/p>\n","protected":false},"featured_media":17802,"comment_status":"closed","ping_status":"open","template":"","meta":{"_gspb_post_css":""},"product_brand":[],"product_cat":[166,215,179],"product_tag":[],"class_list":{"0":"post-35977","1":"product","2":"type-product","3":"status-publish","4":"has-post-thumbnail","6":"product_cat-magamistuba","7":"product_cat-pehme-moobel","8":"product_cat-voodid","9":"pa_korgus-636","10":"pa_laius-1452","11":"pa_materjal-hdd-plaat","12":"pa_materjal-lamineeritud-mdf","13":"pa_materjal-lamineeritud-puitlaastplaat","14":"pa_pakkide-arv-258","15":"pa_pesukast-jah","16":"pa_sobiv-madratsi-suurus-160x200cm","17":"pa_stiil-kaasaegne","18":"pa_stiil-skandinaavia","19":"pa_stiil-boho","20":"pa_sugavus-2274","21":"pa_vahelaos-jah","22":"pa_varv-tamm","23":"pa_varv-must","24":"pa_voodituup-puit","26":"first","27":"instock","28":"sale","29":"purchasable","30":"product-type-simple"},"_links":{"self":[{"href":"https:\/\/www.nordi.ee\/en\/wp-json\/wp\/v2\/product\/35977","targetHints":{"allow":["GET"]}}],"collection":[{"href":"https:\/\/www.nordi.ee\/en\/wp-json\/wp\/v2\/product"}],"about":[{"href":"https:\/\/www.nordi.ee\/en\/wp-json\/wp\/v2\/types\/product"}],"replies":[{"embeddable":true,"href":"https:\/\/www.nordi.ee\/en\/wp-json\/wp\/v2\/comments?post=35977"}],"wp:featuredmedia":[{"embeddable":true,"href":"https:\/\/www.nordi.ee\/en\/wp-json\/wp\/v2\/media\/17802"}],"wp:attachment":[{"href":"https:\/\/www.nordi.ee\/en\/wp-json\/wp\/v2\/media?parent=35977"}],"wp:term":[{"taxonomy":"product_brand","embeddable":true,"href":"https:\/\/www.nordi.ee\/en\/wp-json\/wp\/v2\/product_brand?post=35977"},{"taxonomy":"product_cat","embeddable":true,"href":"https:\/\/www.nordi.ee\/en\/wp-json\/wp\/v2\/product_cat?post=35977"},{"taxonomy":"product_tag","embeddable":true,"href":"https:\/\/www.nordi.ee\/en\/wp-json\/wp\/v2\/product_tag?post=35977"}],"curies":[{"name":"wp","href":"https:\/\/api.w.org\/{rel}","templated":true}]}}