{"id":35968,"date":"2025-11-12T08:14:39","date_gmt":"2025-11-12T06:14:39","guid":{"rendered":"https:\/\/www.nordi.ee\/toode\/kohvilaud-borlena-law-1-tamm-must\/"},"modified":"2026-04-13T05:22:04","modified_gmt":"2026-04-13T02:22:04","slug":"kohvilaud-borlena-law-1-tamm-must","status":"publish","type":"product","link":"https:\/\/www.nordi.ee\/en\/toode\/kohvilaud-borlena-law-1-tamm-must\/","title":{"rendered":"Kohvilaud BORLENA LAW-1, tamm \/ must"},"content":{"rendered":"<p>kohvilaud, m\u00f5\u00f5tmed: 120\/60\/41 cm, materjal: laminaatplaat \/ laminaat MDF \/ laminaat HDF plaat \/ pol\u00fcprop\u00fcleen, v\u00e4rv: kunstniku tamm \/ must  nM\u00e4rkus: palmikmuster on prinditud<\/p>\n","protected":false},"excerpt":{"rendered":"<p>kohvilaud, m\u00f5\u00f5tmed: 120\/60\/41 cm, materjal: laminaatplaat \/ laminaat MDF \/ laminaat HDF plaat \/ pol\u00fcprop\u00fcleen, v\u00e4rv: kunstniku tamm \/ must nM\u00e4rkus: palmikmuster on prinditud<\/p>\n","protected":false},"featured_media":17798,"comment_status":"closed","ping_status":"open","template":"","meta":{"_gspb_post_css":""},"product_brand":[],"product_cat":[178,165],"product_tag":[],"class_list":{"0":"post-35968","1":"product","2":"type-product","3":"status-publish","4":"has-post-thumbnail","6":"product_cat-diivanilauad","7":"product_cat-elutuba","8":"pa_korgus-538","9":"pa_laius-286","10":"pa_laua-viimistlus-matt","11":"pa_lauaplaadi-kuju-ristkulikukujuline","12":"pa_lauaplaadi-materjal-lamineeritud-puitlaastplaat","13":"pa_materjal-hdd-plaat","14":"pa_materjal-lamineeritud-mdf","15":"pa_materjal-lamineeritud-puitlaastplaat","16":"pa_pakkide-arv-295","17":"pa_raami-materjal-lamineeritud-puitlaastplaat","18":"pa_raami-materjal-mdf","19":"pa_raami-varv-tamm","20":"pa_stiil-boho","21":"pa_stiil-kaasaegne","22":"pa_stiil-skandinaavia","23":"pa_sugavus-316","24":"pa_vahelaos-jah","25":"pa_varv-must","26":"pa_varv-tamm","28":"first","29":"instock","30":"sale","31":"purchasable","32":"product-type-simple"},"_links":{"self":[{"href":"https:\/\/www.nordi.ee\/en\/wp-json\/wp\/v2\/product\/35968","targetHints":{"allow":["GET"]}}],"collection":[{"href":"https:\/\/www.nordi.ee\/en\/wp-json\/wp\/v2\/product"}],"about":[{"href":"https:\/\/www.nordi.ee\/en\/wp-json\/wp\/v2\/types\/product"}],"replies":[{"embeddable":true,"href":"https:\/\/www.nordi.ee\/en\/wp-json\/wp\/v2\/comments?post=35968"}],"wp:featuredmedia":[{"embeddable":true,"href":"https:\/\/www.nordi.ee\/en\/wp-json\/wp\/v2\/media\/17798"}],"wp:attachment":[{"href":"https:\/\/www.nordi.ee\/en\/wp-json\/wp\/v2\/media?parent=35968"}],"wp:term":[{"taxonomy":"product_brand","embeddable":true,"href":"https:\/\/www.nordi.ee\/en\/wp-json\/wp\/v2\/product_brand?post=35968"},{"taxonomy":"product_cat","embeddable":true,"href":"https:\/\/www.nordi.ee\/en\/wp-json\/wp\/v2\/product_cat?post=35968"},{"taxonomy":"product_tag","embeddable":true,"href":"https:\/\/www.nordi.ee\/en\/wp-json\/wp\/v2\/product_tag?post=35968"}],"curies":[{"name":"wp","href":"https:\/\/api.w.org\/{rel}","templated":true}]}}