{"id":35957,"date":"2025-11-12T08:14:39","date_gmt":"2025-11-12T06:14:39","guid":{"rendered":"https:\/\/www.nordi.ee\/toode\/kirst-borlena-km-2-tamm-must\/"},"modified":"2026-04-13T05:22:03","modified_gmt":"2026-04-13T02:22:03","slug":"kirst-borlena-km-2-tamm-must","status":"publish","type":"product","link":"https:\/\/www.nordi.ee\/en\/toode\/kirst-borlena-km-2-tamm-must\/","title":{"rendered":"Kummut BORLENA KM-2, tamm \/ must"},"content":{"rendered":"<p>kirst, m\u00f5\u00f5tmed: 80\/40\/85 cm, materjal: laminaatkihtplaadist \/ laminaat MDF-ist \/ laminaat HDF plaadist \/ pol\u00fcprop\u00fcleen, v\u00e4rv: kunstiprofiil \/ must nM\u00e4rkus: punutud muster on tr\u00fckitud<\/p>\n","protected":false},"excerpt":{"rendered":"<p>kirst, m\u00f5\u00f5tmed: 80\/40\/85 cm, materjal: laminaatkihtplaadist \/ laminaat MDF-ist \/ laminaat HDF plaadist \/ pol\u00fcprop\u00fcleen, v\u00e4rv: kunstiprofiil \/ must nM\u00e4rkus: punutud muster on tr\u00fckitud<\/p>\n","protected":false},"featured_media":17794,"comment_status":"closed","ping_status":"closed","template":"","meta":{"_gspb_post_css":""},"product_brand":[],"product_cat":[4067],"product_tag":[],"class_list":{"0":"post-35957","1":"product","2":"type-product","3":"status-publish","4":"has-post-thumbnail","6":"product_cat-kummutid","7":"pa_korgus-742","8":"pa_laius-353","9":"pa_materjal-hdd-plaat","10":"pa_materjal-lamineeritud-mdf","11":"pa_materjal-lamineeritud-puitlaastplaat","12":"pa_pakkide-arv-226","13":"pa_stiil-kaasaegne","14":"pa_stiil-skandinaavia","15":"pa_stiil-boho","16":"pa_sugavus-646","17":"pa_vahelaos-jah","18":"pa_varv-artisan-tamm","19":"pa_varv-must","21":"first","22":"instock","23":"sale","24":"purchasable","25":"product-type-simple"},"_links":{"self":[{"href":"https:\/\/www.nordi.ee\/en\/wp-json\/wp\/v2\/product\/35957","targetHints":{"allow":["GET"]}}],"collection":[{"href":"https:\/\/www.nordi.ee\/en\/wp-json\/wp\/v2\/product"}],"about":[{"href":"https:\/\/www.nordi.ee\/en\/wp-json\/wp\/v2\/types\/product"}],"replies":[{"embeddable":true,"href":"https:\/\/www.nordi.ee\/en\/wp-json\/wp\/v2\/comments?post=35957"}],"wp:featuredmedia":[{"embeddable":true,"href":"https:\/\/www.nordi.ee\/en\/wp-json\/wp\/v2\/media\/17794"}],"wp:attachment":[{"href":"https:\/\/www.nordi.ee\/en\/wp-json\/wp\/v2\/media?parent=35957"}],"wp:term":[{"taxonomy":"product_brand","embeddable":true,"href":"https:\/\/www.nordi.ee\/en\/wp-json\/wp\/v2\/product_brand?post=35957"},{"taxonomy":"product_cat","embeddable":true,"href":"https:\/\/www.nordi.ee\/en\/wp-json\/wp\/v2\/product_cat?post=35957"},{"taxonomy":"product_tag","embeddable":true,"href":"https:\/\/www.nordi.ee\/en\/wp-json\/wp\/v2\/product_tag?post=35957"}],"curies":[{"name":"wp","href":"https:\/\/api.w.org\/{rel}","templated":true}]}}