{"id":35917,"date":"2025-11-12T08:12:21","date_gmt":"2025-11-12T06:12:21","guid":{"rendered":"https:\/\/www.nordi.ee\/toode\/betty-tostetav-kohvilaud-varv-valge-2\/"},"modified":"2026-04-13T05:22:01","modified_gmt":"2026-04-13T02:22:01","slug":"betty-tostetav-kohvilaud-varv-valge-2","status":"publish","type":"product","link":"https:\/\/www.nordi.ee\/en\/toode\/betty-tostetav-kohvilaud-varv-valge-2\/","title":{"rendered":"Kohvilaud BETTY, valge"},"content":{"rendered":"<p>t\u00f5stetav kohvilaud, m\u00f5\u00f5tmed: 120\/65-92\/50-72 cm, materjal: lehtpuitpaneel, v\u00e4rv: valge<\/p>\n","protected":false},"excerpt":{"rendered":"<p>t\u00f5stetav kohvilaud, m\u00f5\u00f5tmed: 120\/65-92\/50-72 cm, materjal: lehtpuitpaneel, v\u00e4rv: valge<\/p>\n","protected":false},"featured_media":17778,"comment_status":"closed","ping_status":"closed","template":"","meta":{"_gspb_post_css":""},"product_brand":[],"product_cat":[178,165],"product_tag":[],"class_list":{"0":"post-35917","1":"product","2":"type-product","3":"status-publish","4":"has-post-thumbnail","6":"product_cat-diivanilauad","7":"product_cat-elutuba","8":"pa_korgus-1490","9":"pa_laius-325","10":"pa_laua-varvus-valge","11":"pa_laua-viimistlus-matt","12":"pa_lauaplaadi-kuju-ristkulikukujuline","13":"pa_lauaplaadi-materjal-lamineeritud-puitlaastplaat","14":"pa_lisafunktsioonid-kokkupandavad-plaadid","15":"pa_pakkide-arv-295","16":"pa_raami-materjal-lamineeritud-puitlaastplaat","17":"pa_raami-varv-valge","18":"pa_stiil-traditsiooniline","19":"pa_sugavus-4154","20":"pa_vahelaos-jah","21":"pa_varv-valge","23":"first","24":"instock","25":"sale","26":"purchasable","27":"product-type-simple"},"_links":{"self":[{"href":"https:\/\/www.nordi.ee\/en\/wp-json\/wp\/v2\/product\/35917","targetHints":{"allow":["GET"]}}],"collection":[{"href":"https:\/\/www.nordi.ee\/en\/wp-json\/wp\/v2\/product"}],"about":[{"href":"https:\/\/www.nordi.ee\/en\/wp-json\/wp\/v2\/types\/product"}],"replies":[{"embeddable":true,"href":"https:\/\/www.nordi.ee\/en\/wp-json\/wp\/v2\/comments?post=35917"}],"wp:featuredmedia":[{"embeddable":true,"href":"https:\/\/www.nordi.ee\/en\/wp-json\/wp\/v2\/media\/17778"}],"wp:attachment":[{"href":"https:\/\/www.nordi.ee\/en\/wp-json\/wp\/v2\/media?parent=35917"}],"wp:term":[{"taxonomy":"product_brand","embeddable":true,"href":"https:\/\/www.nordi.ee\/en\/wp-json\/wp\/v2\/product_brand?post=35917"},{"taxonomy":"product_cat","embeddable":true,"href":"https:\/\/www.nordi.ee\/en\/wp-json\/wp\/v2\/product_cat?post=35917"},{"taxonomy":"product_tag","embeddable":true,"href":"https:\/\/www.nordi.ee\/en\/wp-json\/wp\/v2\/product_tag?post=35917"}],"curies":[{"name":"wp","href":"https:\/\/api.w.org\/{rel}","templated":true}]}}