{"id":35868,"date":"2025-11-12T08:09:06","date_gmt":"2025-11-12T06:09:06","guid":{"rendered":"https:\/\/www.nordi.ee\/toode\/soogilaud-barston\/"},"modified":"2026-04-13T05:21:57","modified_gmt":"2026-04-13T02:21:57","slug":"soogilaud-barston","status":"publish","type":"product","link":"https:\/\/www.nordi.ee\/en\/toode\/soogilaud-barston\/","title":{"rendered":"S\u00f6\u00f6gilaud BARSTON"},"content":{"rendered":"<p>m\u00f5\u00f5tmed: 90-190\/80\/75 cm, pikendatav laud, materjal: laminaat MDF \/ massiivne puit &#8211; p\u00f6\u00f6k, v\u00e4rv: pind &#8211; valge, jalad &#8211; lefkase tamme<\/p>\n","protected":false},"excerpt":{"rendered":"<p>m\u00f5\u00f5tmed: 90-190\/80\/75 cm, pikendatav laud, materjal: laminaat MDF \/ massiivne puit &#8211; p\u00f6\u00f6k, v\u00e4rv: pind &#8211; valge, jalad &#8211; lefkase tamme<\/p>\n","protected":false},"featured_media":17762,"comment_status":"closed","ping_status":"open","template":"","meta":{"_gspb_post_css":""},"product_brand":[],"product_cat":[190,167],"product_tag":[],"class_list":{"0":"post-35868","1":"product","2":"type-product","3":"status-publish","4":"has-post-thumbnail","6":"product_cat-soogilauad","7":"product_cat-soogituba","8":"pa_jalgade-arv-289","9":"pa_korgus-287","10":"pa_laius-353","11":"pa_laua-suurus-4-person-8-person","12":"pa_laua-varvus-tamm","13":"pa_laua-varvus-valge","14":"pa_laua-viimistlus-matt","15":"pa_lauaplaadi-kuju-ristkulikukujuline","16":"pa_lauaplaadi-materjal-lamiiniga-kaetud-mdf","17":"pa_maximum-pikkus-4219","18":"pa_pakkide-arv-226","19":"pa_pikendatav-jah","20":"pa_raami-materjal-puit","21":"pa_stiil-skandinaavia","22":"pa_sugavus-351","23":"pa_vahelaos-jah","24":"pa_varv-tamm","25":"pa_varv-valge","27":"first","28":"instock","29":"sale","30":"purchasable","31":"product-type-simple"},"_links":{"self":[{"href":"https:\/\/www.nordi.ee\/en\/wp-json\/wp\/v2\/product\/35868","targetHints":{"allow":["GET"]}}],"collection":[{"href":"https:\/\/www.nordi.ee\/en\/wp-json\/wp\/v2\/product"}],"about":[{"href":"https:\/\/www.nordi.ee\/en\/wp-json\/wp\/v2\/types\/product"}],"replies":[{"embeddable":true,"href":"https:\/\/www.nordi.ee\/en\/wp-json\/wp\/v2\/comments?post=35868"}],"wp:featuredmedia":[{"embeddable":true,"href":"https:\/\/www.nordi.ee\/en\/wp-json\/wp\/v2\/media\/17762"}],"wp:attachment":[{"href":"https:\/\/www.nordi.ee\/en\/wp-json\/wp\/v2\/media?parent=35868"}],"wp:term":[{"taxonomy":"product_brand","embeddable":true,"href":"https:\/\/www.nordi.ee\/en\/wp-json\/wp\/v2\/product_brand?post=35868"},{"taxonomy":"product_cat","embeddable":true,"href":"https:\/\/www.nordi.ee\/en\/wp-json\/wp\/v2\/product_cat?post=35868"},{"taxonomy":"product_tag","embeddable":true,"href":"https:\/\/www.nordi.ee\/en\/wp-json\/wp\/v2\/product_tag?post=35868"}],"curies":[{"name":"wp","href":"https:\/\/api.w.org\/{rel}","templated":true}]}}