{"id":35845,"date":"2025-11-12T08:09:06","date_gmt":"2025-11-12T06:09:06","guid":{"rendered":"https:\/\/www.nordi.ee\/toode\/pikendatav-soogilaudbagron-artisaan-tamm-must\/"},"modified":"2026-04-13T05:21:56","modified_gmt":"2026-04-13T02:21:56","slug":"pikendatav-soogilaudbagron-artisaan-tamm-must","status":"publish","type":"product","link":"https:\/\/www.nordi.ee\/en\/toode\/pikendatav-soogilaudbagron-artisaan-tamm-must\/","title":{"rendered":"Pikendatav S\u00f6\u00f6gilaud BAGRON, artisan tamm \/ must"},"content":{"rendered":"<p>m\u00f5\u00f5tmed: 120-160\/80\/77\/95 cm; pikenduslaud, materjal: laminaatplaadist, v\u00e4rv: \u00fclemine pind &#8211; k\u00e4sit\u00f6\u00f6k\u00fcpress, jalad &#8211; mustad<\/p>\n","protected":false},"excerpt":{"rendered":"<p>m\u00f5\u00f5tmed: 120-160\/80\/77\/95 cm; pikenduslaud, materjal: laminaatplaadist, v\u00e4rv: \u00fclemine pind &#8211; k\u00e4sit\u00f6\u00f6k\u00fcpress, jalad &#8211; mustad<\/p>\n","protected":false},"featured_media":17754,"comment_status":"closed","ping_status":"closed","template":"","meta":{"_gspb_post_css":""},"product_brand":[],"product_cat":[190,167],"product_tag":[],"class_list":{"0":"post-35845","1":"product","2":"type-product","3":"status-publish","4":"has-post-thumbnail","6":"product_cat-soogilauad","7":"product_cat-soogituba","8":"pa_vahelaos-jah","10":"first","11":"instock","12":"sale","13":"purchasable","14":"product-type-simple"},"_links":{"self":[{"href":"https:\/\/www.nordi.ee\/en\/wp-json\/wp\/v2\/product\/35845","targetHints":{"allow":["GET"]}}],"collection":[{"href":"https:\/\/www.nordi.ee\/en\/wp-json\/wp\/v2\/product"}],"about":[{"href":"https:\/\/www.nordi.ee\/en\/wp-json\/wp\/v2\/types\/product"}],"replies":[{"embeddable":true,"href":"https:\/\/www.nordi.ee\/en\/wp-json\/wp\/v2\/comments?post=35845"}],"wp:featuredmedia":[{"embeddable":true,"href":"https:\/\/www.nordi.ee\/en\/wp-json\/wp\/v2\/media\/17754"}],"wp:attachment":[{"href":"https:\/\/www.nordi.ee\/en\/wp-json\/wp\/v2\/media?parent=35845"}],"wp:term":[{"taxonomy":"product_brand","embeddable":true,"href":"https:\/\/www.nordi.ee\/en\/wp-json\/wp\/v2\/product_brand?post=35845"},{"taxonomy":"product_cat","embeddable":true,"href":"https:\/\/www.nordi.ee\/en\/wp-json\/wp\/v2\/product_cat?post=35845"},{"taxonomy":"product_tag","embeddable":true,"href":"https:\/\/www.nordi.ee\/en\/wp-json\/wp\/v2\/product_tag?post=35845"}],"curies":[{"name":"wp","href":"https:\/\/api.w.org\/{rel}","templated":true}]}}