{"id":35821,"date":"2025-11-12T08:08:31","date_gmt":"2025-11-12T06:08:31","guid":{"rendered":"https:\/\/www.nordi.ee\/toode\/valamukapp-avalona-su-60-tamm-cashmere-matt\/"},"modified":"2026-04-13T05:21:54","modified_gmt":"2026-04-13T02:21:54","slug":"valamukapp-avalona-su-60-tamm-cashmere-matt","status":"publish","type":"product","link":"https:\/\/www.nordi.ee\/en\/toode\/valamukapp-avalona-su-60-tamm-cashmere-matt\/","title":{"rendered":"Valamukapp AVLOR 60,  tamm \/ ka\u0161miir"},"content":{"rendered":"<p>kraanikausi kapp, m\u00f5\u00f5tmed: 60\/45\/43 cm, materjal: korpus: laminaatplaadist, esipaneel: laminaat MDF, hinged ja liugurid pehme sulgumisega, v\u00e4rv: korpus &#8211; meisterpuu, esipaneel &#8211; kasmiirmatt<\/p>\n","protected":false},"excerpt":{"rendered":"<p>kraanikausi kapp, m\u00f5\u00f5tmed: 60\/45\/43 cm, materjal: korpus: laminaatplaadist, esipaneel: laminaat MDF, hinged ja liugurid pehme sulgumisega, v\u00e4rv: korpus &#8211; meisterpuu, esipaneel &#8211; kasmiirmatt<\/p>\n","protected":false},"featured_media":17742,"comment_status":"closed","ping_status":"closed","template":"","meta":{"_gspb_post_css":""},"product_brand":[],"product_cat":[189],"product_tag":[],"class_list":{"0":"post-35821","1":"product","2":"type-product","3":"status-publish","4":"has-post-thumbnail","6":"product_cat-vannituba","7":"pa_korgus-824","8":"pa_laius-310","9":"pa_materjal-lamineeritud-puitlaastplaat","10":"pa_pakkide-arv-226","11":"pa_stiil-kaasaegne","12":"pa_sugavus-221","13":"pa_vahelaos-jah","14":"pa_varv-tamm","16":"first","17":"instock","18":"sale","19":"purchasable","20":"product-type-simple"},"_links":{"self":[{"href":"https:\/\/www.nordi.ee\/en\/wp-json\/wp\/v2\/product\/35821","targetHints":{"allow":["GET"]}}],"collection":[{"href":"https:\/\/www.nordi.ee\/en\/wp-json\/wp\/v2\/product"}],"about":[{"href":"https:\/\/www.nordi.ee\/en\/wp-json\/wp\/v2\/types\/product"}],"replies":[{"embeddable":true,"href":"https:\/\/www.nordi.ee\/en\/wp-json\/wp\/v2\/comments?post=35821"}],"wp:featuredmedia":[{"embeddable":true,"href":"https:\/\/www.nordi.ee\/en\/wp-json\/wp\/v2\/media\/17742"}],"wp:attachment":[{"href":"https:\/\/www.nordi.ee\/en\/wp-json\/wp\/v2\/media?parent=35821"}],"wp:term":[{"taxonomy":"product_brand","embeddable":true,"href":"https:\/\/www.nordi.ee\/en\/wp-json\/wp\/v2\/product_brand?post=35821"},{"taxonomy":"product_cat","embeddable":true,"href":"https:\/\/www.nordi.ee\/en\/wp-json\/wp\/v2\/product_cat?post=35821"},{"taxonomy":"product_tag","embeddable":true,"href":"https:\/\/www.nordi.ee\/en\/wp-json\/wp\/v2\/product_tag?post=35821"}],"curies":[{"name":"wp","href":"https:\/\/api.w.org\/{rel}","templated":true}]}}