{"id":35818,"date":"2025-11-12T08:08:31","date_gmt":"2025-11-12T06:08:31","guid":{"rendered":"https:\/\/www.nordi.ee\/toode\/seinakapp-avalona-sld-tamm-kasmiir-matt\/"},"modified":"2026-04-13T05:21:54","modified_gmt":"2026-04-13T02:21:54","slug":"seinakapp-avalona-sld-tamm-kasmiir-matt","status":"publish","type":"product","link":"https:\/\/www.nordi.ee\/en\/toode\/seinakapp-avalona-sld-tamm-kasmiir-matt\/","title":{"rendered":"Seinakapp AVALONA SLD,  tamm \/ kasmiir matt"},"content":{"rendered":"<p>seinakap, m\u00f5\u00f5tmed: 45\/35\/168 cm, materjal: korpus: laminaatkiudplaadist, v\u00e4rv: korpus &#8211; k\u00e4sit\u00f6\u00f6puit<\/p>\n","protected":false},"excerpt":{"rendered":"<p>seinakap, m\u00f5\u00f5tmed: 45\/35\/168 cm, materjal: korpus: laminaatkiudplaadist, v\u00e4rv: korpus &#8211; k\u00e4sit\u00f6\u00f6puit<\/p>\n","protected":false},"featured_media":17738,"comment_status":"closed","ping_status":"open","template":"","meta":{"_gspb_post_css":""},"product_brand":[],"product_cat":[165,205],"product_tag":[],"class_list":{"0":"post-35818","1":"product","2":"type-product","3":"status-publish","4":"has-post-thumbnail","6":"product_cat-elutuba","7":"product_cat-kapid","8":"pa_korgus-2214","9":"pa_laius-450","10":"pa_materjal-lamineeritud-puitlaastplaat","11":"pa_pakkide-arv-226","12":"pa_stiil-kaasaegne","13":"pa_sugavus-829","14":"pa_vahelaos-jah","15":"pa_varv-tamm","17":"first","18":"instock","19":"sale","20":"purchasable","21":"product-type-simple"},"_links":{"self":[{"href":"https:\/\/www.nordi.ee\/en\/wp-json\/wp\/v2\/product\/35818","targetHints":{"allow":["GET"]}}],"collection":[{"href":"https:\/\/www.nordi.ee\/en\/wp-json\/wp\/v2\/product"}],"about":[{"href":"https:\/\/www.nordi.ee\/en\/wp-json\/wp\/v2\/types\/product"}],"replies":[{"embeddable":true,"href":"https:\/\/www.nordi.ee\/en\/wp-json\/wp\/v2\/comments?post=35818"}],"wp:featuredmedia":[{"embeddable":true,"href":"https:\/\/www.nordi.ee\/en\/wp-json\/wp\/v2\/media\/17738"}],"wp:attachment":[{"href":"https:\/\/www.nordi.ee\/en\/wp-json\/wp\/v2\/media?parent=35818"}],"wp:term":[{"taxonomy":"product_brand","embeddable":true,"href":"https:\/\/www.nordi.ee\/en\/wp-json\/wp\/v2\/product_brand?post=35818"},{"taxonomy":"product_cat","embeddable":true,"href":"https:\/\/www.nordi.ee\/en\/wp-json\/wp\/v2\/product_cat?post=35818"},{"taxonomy":"product_tag","embeddable":true,"href":"https:\/\/www.nordi.ee\/en\/wp-json\/wp\/v2\/product_tag?post=35818"}],"curies":[{"name":"wp","href":"https:\/\/api.w.org\/{rel}","templated":true}]}}