{"id":35814,"date":"2025-11-12T08:08:31","date_gmt":"2025-11-12T06:08:31","guid":{"rendered":"https:\/\/www.nordi.ee\/toode\/peegel-avalona-l-80-tamm\/"},"modified":"2026-04-13T05:21:53","modified_gmt":"2026-04-13T02:21:53","slug":"peegel-avalona-l-80-tamm","status":"publish","type":"product","link":"https:\/\/www.nordi.ee\/en\/toode\/peegel-avalona-l-80-tamm\/","title":{"rendered":"Peegel AVALONA L-80,  tamm"},"content":{"rendered":"<p>peegel, m\u00f5\u00f5dud: 80\/60\/3,6 cm, materjal: laminaatkiudplaadist \/ klaasist \/ LED-tuled, v\u00e4rv: k\u00e4sit\u00f6\u00f6lise tamm<\/p>\n","protected":false},"excerpt":{"rendered":"<p>peegel, m\u00f5\u00f5dud: 80\/60\/3,6 cm, materjal: laminaatkiudplaadist \/ klaasist \/ LED-tuled, v\u00e4rv: k\u00e4sit\u00f6\u00f6lise tamm<\/p>\n","protected":false},"featured_media":17732,"comment_status":"closed","ping_status":"open","template":"","meta":{"_gspb_post_css":""},"product_brand":[],"product_cat":[181],"product_tag":[],"class_list":{"0":"post-35814","1":"product","2":"type-product","3":"status-publish","4":"has-post-thumbnail","6":"product_cat-peeglid","7":"pa_korgus-1121","8":"pa_laius-353","9":"pa_materjal-lamineeritud-puitlaastplaat","10":"pa_materjal-peegel","11":"pa_pakkide-arv-226","12":"pa_raami-materjal-lamineeritud-puitlaastplaat","13":"pa_stiil-kaasaegne","14":"pa_sugavus-1010","15":"pa_vahelaos-jah","16":"pa_varv-tamm","18":"first","19":"instock","20":"sale","21":"purchasable","22":"product-type-simple"},"_links":{"self":[{"href":"https:\/\/www.nordi.ee\/en\/wp-json\/wp\/v2\/product\/35814","targetHints":{"allow":["GET"]}}],"collection":[{"href":"https:\/\/www.nordi.ee\/en\/wp-json\/wp\/v2\/product"}],"about":[{"href":"https:\/\/www.nordi.ee\/en\/wp-json\/wp\/v2\/types\/product"}],"replies":[{"embeddable":true,"href":"https:\/\/www.nordi.ee\/en\/wp-json\/wp\/v2\/comments?post=35814"}],"wp:featuredmedia":[{"embeddable":true,"href":"https:\/\/www.nordi.ee\/en\/wp-json\/wp\/v2\/media\/17732"}],"wp:attachment":[{"href":"https:\/\/www.nordi.ee\/en\/wp-json\/wp\/v2\/media?parent=35814"}],"wp:term":[{"taxonomy":"product_brand","embeddable":true,"href":"https:\/\/www.nordi.ee\/en\/wp-json\/wp\/v2\/product_brand?post=35814"},{"taxonomy":"product_cat","embeddable":true,"href":"https:\/\/www.nordi.ee\/en\/wp-json\/wp\/v2\/product_cat?post=35814"},{"taxonomy":"product_tag","embeddable":true,"href":"https:\/\/www.nordi.ee\/en\/wp-json\/wp\/v2\/product_tag?post=35814"}],"curies":[{"name":"wp","href":"https:\/\/api.w.org\/{rel}","templated":true}]}}