{"id":35811,"date":"2025-11-12T08:06:49","date_gmt":"2025-11-12T06:06:49","guid":{"rendered":"https:\/\/www.nordi.ee\/toode\/peegel-avalona-l-60-tamm\/"},"modified":"2026-04-13T05:21:52","modified_gmt":"2026-04-13T02:21:52","slug":"peegel-avalona-l-60-tamm","status":"publish","type":"product","link":"https:\/\/www.nordi.ee\/en\/toode\/peegel-avalona-l-60-tamm\/","title":{"rendered":"Peegel AVALONA L-60,  tamm"},"content":{"rendered":"<p>peegel, m\u00f5\u00f5tmed: 60\/60\/3,6 cm, materjal: laminaat puitlaastplaat \/ klaas \/ LED-valgused, v\u00e4rv: k\u00e4sit\u00f6\u00f6 puu<\/p>\n","protected":false},"excerpt":{"rendered":"<p>peegel, m\u00f5\u00f5tmed: 60\/60\/3,6 cm, materjal: laminaat puitlaastplaat \/ klaas \/ LED-valgused, v\u00e4rv: k\u00e4sit\u00f6\u00f6 puu<\/p>\n","protected":false},"featured_media":17728,"comment_status":"closed","ping_status":"open","template":"","meta":{"_gspb_post_css":""},"product_brand":[],"product_cat":[181],"product_tag":[],"class_list":{"0":"post-35811","1":"product","2":"type-product","3":"status-publish","4":"has-post-thumbnail","6":"product_cat-peeglid","7":"pa_korgus-1121","8":"pa_laius-310","9":"pa_materjal-lamineeritud-puitlaastplaat","10":"pa_pakkide-arv-226","11":"pa_stiil-kaasaegne","12":"pa_sugavus-1010","13":"pa_vahelaos-jah","14":"pa_varv-tamm","16":"first","17":"instock","18":"sale","19":"purchasable","20":"product-type-simple"},"_links":{"self":[{"href":"https:\/\/www.nordi.ee\/en\/wp-json\/wp\/v2\/product\/35811","targetHints":{"allow":["GET"]}}],"collection":[{"href":"https:\/\/www.nordi.ee\/en\/wp-json\/wp\/v2\/product"}],"about":[{"href":"https:\/\/www.nordi.ee\/en\/wp-json\/wp\/v2\/types\/product"}],"replies":[{"embeddable":true,"href":"https:\/\/www.nordi.ee\/en\/wp-json\/wp\/v2\/comments?post=35811"}],"wp:featuredmedia":[{"embeddable":true,"href":"https:\/\/www.nordi.ee\/en\/wp-json\/wp\/v2\/media\/17728"}],"wp:attachment":[{"href":"https:\/\/www.nordi.ee\/en\/wp-json\/wp\/v2\/media?parent=35811"}],"wp:term":[{"taxonomy":"product_brand","embeddable":true,"href":"https:\/\/www.nordi.ee\/en\/wp-json\/wp\/v2\/product_brand?post=35811"},{"taxonomy":"product_cat","embeddable":true,"href":"https:\/\/www.nordi.ee\/en\/wp-json\/wp\/v2\/product_cat?post=35811"},{"taxonomy":"product_tag","embeddable":true,"href":"https:\/\/www.nordi.ee\/en\/wp-json\/wp\/v2\/product_tag?post=35811"}],"curies":[{"name":"wp","href":"https:\/\/api.w.org\/{rel}","templated":true}]}}