{"id":35783,"date":"2025-11-12T08:06:49","date_gmt":"2025-11-12T06:06:49","guid":{"rendered":"https:\/\/www.nordi.ee\/toode\/asento-160-voodi-helebeez-element17\/"},"modified":"2026-04-13T05:21:51","modified_gmt":"2026-04-13T02:21:51","slug":"voodi-asen-160-helebeez-element17","status":"publish","type":"product","link":"https:\/\/www.nordi.ee\/en\/toode\/voodi-asen-160-helebeez-element17\/","title":{"rendered":"Voodi ASEN 160, helebeez ELEMENT#17"},"content":{"rendered":"<p>m\u00f5\u00f5tmed: 162\/210\/121 cm; kontinentaalne voodi voodipesu konteineriga, materjal: riie &#8211; ELEMENT, v\u00e4rv: heledat bee\u017e ELEMENT#17, * voodi ilma madratsita, valikuline madrats POLARIS 160 v\u00f5i SYRIUSZ 160<\/p>\n","protected":false},"excerpt":{"rendered":"<p>m\u00f5\u00f5tmed: 162\/210\/121 cm; kontinentaalne voodi voodipesu konteineriga, materjal: riie &#8211; ELEMENT, v\u00e4rv: heledat bee\u017e ELEMENT#17, * voodi ilma madratsita, valikuline madrats POLARIS 160 v\u00f5i SYRIUSZ 160<\/p>\n","protected":false},"featured_media":17716,"comment_status":"closed","ping_status":"closed","template":"","meta":{"_gspb_post_css":""},"product_brand":[],"product_cat":[166,215,179],"product_tag":[],"class_list":{"0":"post-35783","1":"product","2":"type-product","3":"status-publish","4":"has-post-thumbnail","6":"product_cat-magamistuba","7":"product_cat-pehme-moobel","8":"product_cat-voodid","9":"pa_kanga-tuup-kangas","10":"pa_korgus-301","11":"pa_laius-948","12":"pa_pakkide-arv-258","13":"pa_pesukast-jah","14":"pa_sobiv-madratsi-suurus-160x200cm","15":"pa_stiil-klassikaline","16":"pa_stiil-modernne","17":"pa_stiil-traditsiooniline","18":"pa_sugavus-4149","19":"pa_vahelaos-ei","20":"pa_varv-beez","21":"pa_voodituup-polsterdatud","23":"first","24":"instock","25":"sale","26":"purchasable","27":"product-type-simple"},"_links":{"self":[{"href":"https:\/\/www.nordi.ee\/en\/wp-json\/wp\/v2\/product\/35783","targetHints":{"allow":["GET"]}}],"collection":[{"href":"https:\/\/www.nordi.ee\/en\/wp-json\/wp\/v2\/product"}],"about":[{"href":"https:\/\/www.nordi.ee\/en\/wp-json\/wp\/v2\/types\/product"}],"replies":[{"embeddable":true,"href":"https:\/\/www.nordi.ee\/en\/wp-json\/wp\/v2\/comments?post=35783"}],"wp:featuredmedia":[{"embeddable":true,"href":"https:\/\/www.nordi.ee\/en\/wp-json\/wp\/v2\/media\/17716"}],"wp:attachment":[{"href":"https:\/\/www.nordi.ee\/en\/wp-json\/wp\/v2\/media?parent=35783"}],"wp:term":[{"taxonomy":"product_brand","embeddable":true,"href":"https:\/\/www.nordi.ee\/en\/wp-json\/wp\/v2\/product_brand?post=35783"},{"taxonomy":"product_cat","embeddable":true,"href":"https:\/\/www.nordi.ee\/en\/wp-json\/wp\/v2\/product_cat?post=35783"},{"taxonomy":"product_tag","embeddable":true,"href":"https:\/\/www.nordi.ee\/en\/wp-json\/wp\/v2\/product_tag?post=35783"}],"curies":[{"name":"wp","href":"https:\/\/api.w.org\/{rel}","templated":true}]}}