{"id":35751,"date":"2025-11-12T08:05:46","date_gmt":"2025-11-12T06:05:46","guid":{"rendered":"https:\/\/www.nordi.ee\/toode\/kontoritool-polvor-must-roheline\/"},"modified":"2026-04-13T05:21:43","modified_gmt":"2026-04-13T02:21:43","slug":"kontoritool-polvor-must-roheline","status":"publish","type":"product","link":"https:\/\/www.nordi.ee\/en\/toode\/kontoritool-polvor-must-roheline\/","title":{"rendered":"Kontoritool POLVOR, must \/ roheline"},"content":{"rendered":"<p>s\u00fcnkro mehhanism, liugtool, reguleeritavad k\u00e4etuged kahes asendis, m\u00f5\u00f5tmed: 93-108\/68\/65\/48-63 cm, materjal: kangas, v\u00e4rv: must \/ roheline<\/p>\n","protected":false},"excerpt":{"rendered":"<p>s\u00fcnkro mehhanism, liugtool, reguleeritavad k\u00e4etuged kahes asendis, m\u00f5\u00f5tmed: 93-108\/68\/65\/48-63 cm, materjal: kangas, v\u00e4rv: must \/ roheline<\/p>\n","protected":false},"featured_media":17678,"comment_status":"closed","ping_status":"open","template":"","meta":{"_gspb_post_css":""},"product_brand":[],"product_cat":[216,4063],"product_tag":[],"class_list":{"0":"post-35751","1":"product","2":"type-product","3":"status-publish","4":"has-post-thumbnail","6":"product_cat-kontor","7":"product_cat-kontoritoolid","8":"pa_kaetugi-reguleeritav-kaetugi","9":"pa_kandevoime-100-kg","10":"pa_kanga-varv-roheline","11":"pa_korgus-464","12":"pa_laius-1062","13":"pa_mehhanism-sunkro","14":"pa_pakkide-arv-226","15":"pa_peatugi-ilma-peatugedeta","16":"pa_ratta-tuup-normaalne","17":"pa_stiil-kaasaegne","18":"pa_sugavus-563","19":"pa_tooli-materjal-kangas","20":"pa_tuba-kontor","21":"pa_vahelaos-jah","22":"pa_varv-must","23":"pa_varv-roheline","25":"first","26":"instock","27":"sale","28":"purchasable","29":"product-type-simple"},"_links":{"self":[{"href":"https:\/\/www.nordi.ee\/en\/wp-json\/wp\/v2\/product\/35751","targetHints":{"allow":["GET"]}}],"collection":[{"href":"https:\/\/www.nordi.ee\/en\/wp-json\/wp\/v2\/product"}],"about":[{"href":"https:\/\/www.nordi.ee\/en\/wp-json\/wp\/v2\/types\/product"}],"replies":[{"embeddable":true,"href":"https:\/\/www.nordi.ee\/en\/wp-json\/wp\/v2\/comments?post=35751"}],"wp:featuredmedia":[{"embeddable":true,"href":"https:\/\/www.nordi.ee\/en\/wp-json\/wp\/v2\/media\/17678"}],"wp:attachment":[{"href":"https:\/\/www.nordi.ee\/en\/wp-json\/wp\/v2\/media?parent=35751"}],"wp:term":[{"taxonomy":"product_brand","embeddable":true,"href":"https:\/\/www.nordi.ee\/en\/wp-json\/wp\/v2\/product_brand?post=35751"},{"taxonomy":"product_cat","embeddable":true,"href":"https:\/\/www.nordi.ee\/en\/wp-json\/wp\/v2\/product_cat?post=35751"},{"taxonomy":"product_tag","embeddable":true,"href":"https:\/\/www.nordi.ee\/en\/wp-json\/wp\/v2\/product_tag?post=35751"}],"curies":[{"name":"wp","href":"https:\/\/api.w.org\/{rel}","templated":true}]}}