{"id":35735,"date":"2025-11-12T08:05:05","date_gmt":"2025-11-12T06:05:05","guid":{"rendered":"https:\/\/www.nordi.ee\/toode\/kontoritool-braynor-c-11\/"},"modified":"2026-04-13T05:21:36","modified_gmt":"2026-04-13T02:21:36","slug":"kontoritool-braynor-c-11","status":"publish","type":"product","link":"https:\/\/www.nordi.ee\/en\/toode\/kontoritool-braynor-c-11\/","title":{"rendered":"Kontoritool BRAYNOR C-11"},"content":{"rendered":"<p>p\u00f5him\u00f5te, m\u00f5\u00f5tmed: 56\/59\/98-116\/40-52 cm, materjal: kangas, v\u00e4rv: must<\/p>\n","protected":false},"excerpt":{"rendered":"<p>p\u00f5him\u00f5te, m\u00f5\u00f5tmed: 56\/59\/98-116\/40-52 cm, materjal: kangas, v\u00e4rv: must<\/p>\n","protected":false},"featured_media":17658,"comment_status":"closed","ping_status":"open","template":"","meta":{"_gspb_post_css":""},"product_brand":[],"product_cat":[216,4063],"product_tag":[],"class_list":{"0":"post-35735","1":"product","2":"type-product","3":"status-publish","4":"has-post-thumbnail","6":"product_cat-kontor","7":"product_cat-kontoritoolid","8":"pa_kaetugi-fikseeritud-kaetugi","9":"pa_kandevoime-100-kg","10":"pa_kanga-varv-must","11":"pa_korgus-923","12":"pa_laius-517","13":"pa_mehhanism-tavaline","14":"pa_pakkide-arv-226","15":"pa_peatugi-ilma-peatugedeta","16":"pa_ratta-tuup-normaalne","17":"pa_stiil-traditsiooniline","18":"pa_sugavus-1372","19":"pa_tooli-materjal-kangas","20":"pa_tuba-kontor","21":"pa_vahelaos-jah","22":"pa_varv-must","24":"first","25":"instock","26":"sale","27":"purchasable","28":"product-type-simple"},"_links":{"self":[{"href":"https:\/\/www.nordi.ee\/en\/wp-json\/wp\/v2\/product\/35735","targetHints":{"allow":["GET"]}}],"collection":[{"href":"https:\/\/www.nordi.ee\/en\/wp-json\/wp\/v2\/product"}],"about":[{"href":"https:\/\/www.nordi.ee\/en\/wp-json\/wp\/v2\/types\/product"}],"replies":[{"embeddable":true,"href":"https:\/\/www.nordi.ee\/en\/wp-json\/wp\/v2\/comments?post=35735"}],"wp:featuredmedia":[{"embeddable":true,"href":"https:\/\/www.nordi.ee\/en\/wp-json\/wp\/v2\/media\/17658"}],"wp:attachment":[{"href":"https:\/\/www.nordi.ee\/en\/wp-json\/wp\/v2\/media?parent=35735"}],"wp:term":[{"taxonomy":"product_brand","embeddable":true,"href":"https:\/\/www.nordi.ee\/en\/wp-json\/wp\/v2\/product_brand?post=35735"},{"taxonomy":"product_cat","embeddable":true,"href":"https:\/\/www.nordi.ee\/en\/wp-json\/wp\/v2\/product_cat?post=35735"},{"taxonomy":"product_tag","embeddable":true,"href":"https:\/\/www.nordi.ee\/en\/wp-json\/wp\/v2\/product_tag?post=35735"}],"curies":[{"name":"wp","href":"https:\/\/api.w.org\/{rel}","templated":true}]}}