{"id":35734,"date":"2025-11-12T08:05:05","date_gmt":"2025-11-12T06:05:05","guid":{"rendered":"https:\/\/www.nordi.ee\/toode\/madrats-turyn\/"},"modified":"2026-04-13T05:21:35","modified_gmt":"2026-04-13T02:21:35","slug":"madrats-turyn","status":"publish","type":"product","link":"https:\/\/www.nordi.ee\/en\/toode\/madrats-turyn\/","title":{"rendered":"Madrats TURYN"},"content":{"rendered":"<p>vahtmaterjalist madrats koos kattega, m\u00f5\u00f5tmed: 160x80x8 cm, v\u00e4rv: valge<\/p>\n","protected":false},"excerpt":{"rendered":"<p>vahtmaterjalist madrats koos kattega, m\u00f5\u00f5tmed: 160x80x8 cm, v\u00e4rv: valge<\/p>\n","protected":false},"featured_media":17656,"comment_status":"closed","ping_status":"open","template":"","meta":{"_gspb_post_css":""},"product_brand":[],"product_cat":[185,215],"product_tag":[],"class_list":{"0":"post-35734","1":"product","2":"type-product","3":"status-publish","4":"has-post-thumbnail","6":"product_cat-madratsid","7":"product_cat-pehme-moobel","8":"pa_korgus-2231","9":"pa_laius-353","10":"pa_materjal-poroloon","11":"pa_pakkide-arv-226","12":"pa_pesukast-ei","13":"pa_sobiv-madratsi-suurus-80x160cm","14":"pa_sugavus-4084","15":"pa_tuba-lastetuba","16":"pa_vahelaos-jah","17":"pa_varv-valge","19":"first","20":"instock","21":"sale","22":"purchasable","23":"product-type-simple"},"_links":{"self":[{"href":"https:\/\/www.nordi.ee\/en\/wp-json\/wp\/v2\/product\/35734","targetHints":{"allow":["GET"]}}],"collection":[{"href":"https:\/\/www.nordi.ee\/en\/wp-json\/wp\/v2\/product"}],"about":[{"href":"https:\/\/www.nordi.ee\/en\/wp-json\/wp\/v2\/types\/product"}],"replies":[{"embeddable":true,"href":"https:\/\/www.nordi.ee\/en\/wp-json\/wp\/v2\/comments?post=35734"}],"wp:featuredmedia":[{"embeddable":true,"href":"https:\/\/www.nordi.ee\/en\/wp-json\/wp\/v2\/media\/17656"}],"wp:attachment":[{"href":"https:\/\/www.nordi.ee\/en\/wp-json\/wp\/v2\/media?parent=35734"}],"wp:term":[{"taxonomy":"product_brand","embeddable":true,"href":"https:\/\/www.nordi.ee\/en\/wp-json\/wp\/v2\/product_brand?post=35734"},{"taxonomy":"product_cat","embeddable":true,"href":"https:\/\/www.nordi.ee\/en\/wp-json\/wp\/v2\/product_cat?post=35734"},{"taxonomy":"product_tag","embeddable":true,"href":"https:\/\/www.nordi.ee\/en\/wp-json\/wp\/v2\/product_tag?post=35734"}],"curies":[{"name":"wp","href":"https:\/\/api.w.org\/{rel}","templated":true}]}}