{"id":35733,"date":"2025-11-12T08:05:05","date_gmt":"2025-11-12T06:05:05","guid":{"rendered":"https:\/\/www.nordi.ee\/toode\/madrats-syriusz-180x200-2\/"},"modified":"2026-04-13T05:21:34","modified_gmt":"2026-04-13T02:21:34","slug":"madrats-syriusz-180x200-2","status":"publish","type":"product","link":"https:\/\/www.nordi.ee\/en\/toode\/madrats-syriusz-180x200-2\/","title":{"rendered":"Madrats SYRIUSZ 180&#215;200"},"content":{"rendered":"<p>m\u00f5\u00f5dud: 90\/200 cm, 7-zone pocketvedrudega madrats, Opti-flex vahtkate: bambuskangast, mis on tikitud antiallergilise v\u00f5rguga, kaal 200 g \/ m2, n3D \u00f5huvoogude v\u00f5rkkangas, k\u00e4epidemed, kate lukuga eemaldatav ja pestav, pesetemperatuur &#8211; kuni 40 \u00b0C\u00a0 K\u00f5rgus: 20 cm, k\u00f5vadus: keskmine<\/p>\n","protected":false},"excerpt":{"rendered":"<p>m\u00f5\u00f5dud: 90\/200 cm, 7-zone pocketvedrudega madrats, Opti-flex vahtkate: bambuskangast, mis on tikitud antiallergilise v\u00f5rguga, kaal 200 g \/ m2, n3D \u00f5huvoogude v\u00f5rkkangas, k\u00e4epidemed, kate lukuga eemaldatav ja pestav, pesetemperatuur &#8211; kuni 40 \u00b0C\u00a0 K\u00f5rgus: 20 cm, k\u00f5vadus: keskmine<\/p>\n","protected":false},"featured_media":40693,"comment_status":"closed","ping_status":"closed","template":"","meta":{"_gspb_post_css":""},"product_brand":[],"product_cat":[185,215],"product_tag":[],"class_list":{"0":"post-35733","1":"product","2":"type-product","3":"status-publish","4":"has-post-thumbnail","6":"product_cat-madratsid","7":"product_cat-pehme-moobel","8":"pa_kanga-tuup-kangas","9":"pa_kanga-varv-valge","10":"pa_laius-349","11":"pa_pakkide-arv-226","12":"pa_sobiv-madratsi-suurus-90x200cm","13":"pa_sugavus-4095","14":"pa_tuba-lastetuba","15":"pa_vahelaos-jah","16":"pa_varv-valge","18":"first","19":"instock","20":"sale","21":"purchasable","22":"product-type-simple"},"_links":{"self":[{"href":"https:\/\/www.nordi.ee\/en\/wp-json\/wp\/v2\/product\/35733","targetHints":{"allow":["GET"]}}],"collection":[{"href":"https:\/\/www.nordi.ee\/en\/wp-json\/wp\/v2\/product"}],"about":[{"href":"https:\/\/www.nordi.ee\/en\/wp-json\/wp\/v2\/types\/product"}],"replies":[{"embeddable":true,"href":"https:\/\/www.nordi.ee\/en\/wp-json\/wp\/v2\/comments?post=35733"}],"wp:featuredmedia":[{"embeddable":true,"href":"https:\/\/www.nordi.ee\/en\/wp-json\/wp\/v2\/media\/40693"}],"wp:attachment":[{"href":"https:\/\/www.nordi.ee\/en\/wp-json\/wp\/v2\/media?parent=35733"}],"wp:term":[{"taxonomy":"product_brand","embeddable":true,"href":"https:\/\/www.nordi.ee\/en\/wp-json\/wp\/v2\/product_brand?post=35733"},{"taxonomy":"product_cat","embeddable":true,"href":"https:\/\/www.nordi.ee\/en\/wp-json\/wp\/v2\/product_cat?post=35733"},{"taxonomy":"product_tag","embeddable":true,"href":"https:\/\/www.nordi.ee\/en\/wp-json\/wp\/v2\/product_tag?post=35733"}],"curies":[{"name":"wp","href":"https:\/\/api.w.org\/{rel}","templated":true}]}}