{"id":35723,"date":"2025-11-12T08:04:19","date_gmt":"2025-11-12T06:04:19","guid":{"rendered":"https:\/\/www.nordi.ee\/toode\/volditav-vahtmadrats-piza-90-180cm\/"},"modified":"2026-04-13T05:21:28","modified_gmt":"2026-04-13T02:21:28","slug":"volditav-vahtmadrats-piza-90-180cm","status":"publish","type":"product","link":"https:\/\/www.nordi.ee\/en\/toode\/volditav-vahtmadrats-piza-90-180cm\/","title":{"rendered":"Volditav vahtmadrats PIZA 90-180cm"},"content":{"rendered":"<p>kokkupandav vahtmatress, m\u00f5\u00f5tmed: 200x90x18 cm &#8211; 200x180x9 cm lahtiselt, materjal: sisemine osa &#8211; pol\u00fcuretaanvaht T18, kate &#8211; ALASKA BED matressi kangas, koosseis: pol\u00fcprop\u00fcleen \/ pol\u00fcester, v\u00e4rv: heledat ecru<\/p>\n","protected":false},"excerpt":{"rendered":"<p>kokkupandav vahtmatress, m\u00f5\u00f5tmed: 200x90x18 cm &#8211; 200x180x9 cm lahtiselt, materjal: sisemine osa &#8211; pol\u00fcuretaanvaht T18, kate &#8211; ALASKA BED matressi kangas, koosseis: pol\u00fcprop\u00fcleen \/ pol\u00fcester, v\u00e4rv: heledat ecru<\/p>\n","protected":false},"featured_media":17642,"comment_status":"closed","ping_status":"open","template":"","meta":{"_gspb_post_css":""},"product_brand":[],"product_cat":[185,215],"product_tag":[],"class_list":{"0":"post-35723","1":"product","2":"type-product","3":"status-publish","4":"has-post-thumbnail","6":"product_cat-madratsid","7":"product_cat-pehme-moobel","8":"pa_korgus-4152","9":"pa_laius-349","10":"pa_pakkide-arv-226","11":"pa_sobiv-madratsi-suurus-180x200cm","12":"pa_sugavus-4095","13":"pa_vahelaos-jah","14":"pa_varv-beez","16":"first","17":"instock","18":"sale","19":"purchasable","20":"product-type-simple"},"_links":{"self":[{"href":"https:\/\/www.nordi.ee\/en\/wp-json\/wp\/v2\/product\/35723","targetHints":{"allow":["GET"]}}],"collection":[{"href":"https:\/\/www.nordi.ee\/en\/wp-json\/wp\/v2\/product"}],"about":[{"href":"https:\/\/www.nordi.ee\/en\/wp-json\/wp\/v2\/types\/product"}],"replies":[{"embeddable":true,"href":"https:\/\/www.nordi.ee\/en\/wp-json\/wp\/v2\/comments?post=35723"}],"wp:featuredmedia":[{"embeddable":true,"href":"https:\/\/www.nordi.ee\/en\/wp-json\/wp\/v2\/media\/17642"}],"wp:attachment":[{"href":"https:\/\/www.nordi.ee\/en\/wp-json\/wp\/v2\/media?parent=35723"}],"wp:term":[{"taxonomy":"product_brand","embeddable":true,"href":"https:\/\/www.nordi.ee\/en\/wp-json\/wp\/v2\/product_brand?post=35723"},{"taxonomy":"product_cat","embeddable":true,"href":"https:\/\/www.nordi.ee\/en\/wp-json\/wp\/v2\/product_cat?post=35723"},{"taxonomy":"product_tag","embeddable":true,"href":"https:\/\/www.nordi.ee\/en\/wp-json\/wp\/v2\/product_tag?post=35723"}],"curies":[{"name":"wp","href":"https:\/\/api.w.org\/{rel}","templated":true}]}}