{"id":35713,"date":"2025-11-12T08:04:19","date_gmt":"2025-11-12T06:04:19","guid":{"rendered":"https:\/\/www.nordi.ee\/toode\/tool-zeta\/"},"modified":"2026-04-13T05:21:25","modified_gmt":"2026-04-13T02:21:25","slug":"kiiktool-zeta","status":"publish","type":"product","link":"https:\/\/www.nordi.ee\/en\/toode\/kiiktool-zeta\/","title":{"rendered":"Kiiktool ZETA"},"content":{"rendered":"<p>m\u00f5\u00f5tmed: 62\/86\/97\/45 cm, materjal: pulberkattega teras \/ v\u00f5rgusilm \/ pol\u00fcprop\u00fcleen, v\u00e4rv: tumehall<\/p>\n","protected":false},"excerpt":{"rendered":"<p>m\u00f5\u00f5tmed: 62\/86\/97\/45 cm, materjal: pulberkattega teras \/ v\u00f5rgusilm \/ pol\u00fcprop\u00fcleen, v\u00e4rv: tumehall<\/p>\n","protected":false},"featured_media":17632,"comment_status":"closed","ping_status":"closed","template":"","meta":{"_gspb_post_css":""},"product_brand":[],"product_cat":[215,188],"product_tag":[],"class_list":{"0":"post-35713","1":"product","2":"type-product","3":"status-publish","4":"has-post-thumbnail","6":"product_cat-pehme-moobel","7":"product_cat-tugitoolid","8":"pa_istmekorgus-362","9":"pa_kanga-tuup-vork","10":"pa_korgus-474","11":"pa_laius-266","12":"pa_pakkide-arv-226","13":"pa_raami-varv-hall","14":"pa_stiil-kaasaegne","15":"pa_sugavus-1763","16":"pa_tooli-materjal-vork","17":"pa_vahelaos-ei","18":"pa_varv-hall","20":"first","21":"instock","22":"sale","23":"purchasable","24":"product-type-simple"},"_links":{"self":[{"href":"https:\/\/www.nordi.ee\/en\/wp-json\/wp\/v2\/product\/35713","targetHints":{"allow":["GET"]}}],"collection":[{"href":"https:\/\/www.nordi.ee\/en\/wp-json\/wp\/v2\/product"}],"about":[{"href":"https:\/\/www.nordi.ee\/en\/wp-json\/wp\/v2\/types\/product"}],"replies":[{"embeddable":true,"href":"https:\/\/www.nordi.ee\/en\/wp-json\/wp\/v2\/comments?post=35713"}],"wp:featuredmedia":[{"embeddable":true,"href":"https:\/\/www.nordi.ee\/en\/wp-json\/wp\/v2\/media\/17632"}],"wp:attachment":[{"href":"https:\/\/www.nordi.ee\/en\/wp-json\/wp\/v2\/media?parent=35713"}],"wp:term":[{"taxonomy":"product_brand","embeddable":true,"href":"https:\/\/www.nordi.ee\/en\/wp-json\/wp\/v2\/product_brand?post=35713"},{"taxonomy":"product_cat","embeddable":true,"href":"https:\/\/www.nordi.ee\/en\/wp-json\/wp\/v2\/product_cat?post=35713"},{"taxonomy":"product_tag","embeddable":true,"href":"https:\/\/www.nordi.ee\/en\/wp-json\/wp\/v2\/product_tag?post=35713"}],"curies":[{"name":"wp","href":"https:\/\/api.w.org\/{rel}","templated":true}]}}