{"id":35711,"date":"2025-11-12T08:02:51","date_gmt":"2025-11-12T06:02:51","guid":{"rendered":"https:\/\/www.nordi.ee\/toode\/zeta-c-laud-varv-valge-2\/"},"modified":"2026-04-13T05:21:25","modified_gmt":"2026-04-13T02:21:25","slug":"zeta-c-laud-varv-valge-2","status":"publish","type":"product","link":"https:\/\/www.nordi.ee\/en\/toode\/zeta-c-laud-varv-valge-2\/","title":{"rendered":"Kohvilaud ZETA, tamm \/ valge"},"content":{"rendered":"<p>m\u00f5\u00f5tmed: \u00d850\/45 cm, materjal: lakitud MDF \/ massiivne puu &#8211; p\u00f6\u00f6k, v\u00e4rv: valge<\/p>\n","protected":false},"excerpt":{"rendered":"<p>m\u00f5\u00f5tmed: \u00d850\/45 cm, materjal: lakitud MDF \/ massiivne puu &#8211; p\u00f6\u00f6k, v\u00e4rv: valge<\/p>\n","protected":false},"featured_media":17628,"comment_status":"closed","ping_status":"closed","template":"","meta":{"_gspb_post_css":""},"product_brand":[],"product_cat":[178,165],"product_tag":[],"class_list":{"0":"post-35711","1":"product","2":"type-product","3":"status-publish","4":"has-post-thumbnail","6":"product_cat-diivanilauad","7":"product_cat-elutuba","8":"pa_vahelaos-ei","10":"first","11":"instock","12":"sale","13":"purchasable","14":"product-type-simple"},"_links":{"self":[{"href":"https:\/\/www.nordi.ee\/en\/wp-json\/wp\/v2\/product\/35711","targetHints":{"allow":["GET"]}}],"collection":[{"href":"https:\/\/www.nordi.ee\/en\/wp-json\/wp\/v2\/product"}],"about":[{"href":"https:\/\/www.nordi.ee\/en\/wp-json\/wp\/v2\/types\/product"}],"replies":[{"embeddable":true,"href":"https:\/\/www.nordi.ee\/en\/wp-json\/wp\/v2\/comments?post=35711"}],"wp:featuredmedia":[{"embeddable":true,"href":"https:\/\/www.nordi.ee\/en\/wp-json\/wp\/v2\/media\/17628"}],"wp:attachment":[{"href":"https:\/\/www.nordi.ee\/en\/wp-json\/wp\/v2\/media?parent=35711"}],"wp:term":[{"taxonomy":"product_brand","embeddable":true,"href":"https:\/\/www.nordi.ee\/en\/wp-json\/wp\/v2\/product_brand?post=35711"},{"taxonomy":"product_cat","embeddable":true,"href":"https:\/\/www.nordi.ee\/en\/wp-json\/wp\/v2\/product_cat?post=35711"},{"taxonomy":"product_tag","embeddable":true,"href":"https:\/\/www.nordi.ee\/en\/wp-json\/wp\/v2\/product_tag?post=35711"}],"curies":[{"name":"wp","href":"https:\/\/api.w.org\/{rel}","templated":true}]}}