{"id":35676,"date":"2025-11-12T08:01:25","date_gmt":"2025-11-12T06:01:25","guid":{"rendered":"https:\/\/www.nordi.ee\/toode\/riidestange-grayn-must\/"},"modified":"2026-04-13T05:21:18","modified_gmt":"2026-04-13T02:21:18","slug":"riidestange-grayn-must","status":"publish","type":"product","link":"https:\/\/www.nordi.ee\/en\/toode\/riidestange-grayn-must\/","title":{"rendered":"Riidestange GRAYN, must"},"content":{"rendered":"<p>reguleeritav k\u00f5rgus, m\u00f5\u00f5tmed: 88\/44\/94\u00f7170 cm, materjal: kroomteras\/plastik, v\u00e4rv: must<\/p>\n","protected":false},"excerpt":{"rendered":"<p>reguleeritav k\u00f5rgus, m\u00f5\u00f5tmed: 88\/44\/94\u00f7170 cm, materjal: kroomteras\/plastik, v\u00e4rv: must<\/p>\n","protected":false},"featured_media":17608,"comment_status":"closed","ping_status":"open","template":"","meta":{"_gspb_post_css":""},"product_brand":[],"product_cat":[187,4069],"product_tag":[],"class_list":{"0":"post-35676","1":"product","2":"type-product","3":"status-publish","4":"has-post-thumbnail","6":"product_cat-esikumoobel","7":"product_cat-riidenagid","8":"pa_korgus-960","9":"pa_laius-1088","10":"pa_materjal-metall","11":"pa_pakkide-arv-226","12":"pa_pohja-diameeter-2217","13":"pa_raami-materjal-metall","14":"pa_raami-varv-must","15":"pa_stiil-traditsiooniline","16":"pa_sugavus-1377","17":"pa_vahelaos-ei","18":"pa_varv-must","20":"first","21":"instock","22":"sale","23":"purchasable","24":"product-type-simple"},"_links":{"self":[{"href":"https:\/\/www.nordi.ee\/en\/wp-json\/wp\/v2\/product\/35676","targetHints":{"allow":["GET"]}}],"collection":[{"href":"https:\/\/www.nordi.ee\/en\/wp-json\/wp\/v2\/product"}],"about":[{"href":"https:\/\/www.nordi.ee\/en\/wp-json\/wp\/v2\/types\/product"}],"replies":[{"embeddable":true,"href":"https:\/\/www.nordi.ee\/en\/wp-json\/wp\/v2\/comments?post=35676"}],"wp:featuredmedia":[{"embeddable":true,"href":"https:\/\/www.nordi.ee\/en\/wp-json\/wp\/v2\/media\/17608"}],"wp:attachment":[{"href":"https:\/\/www.nordi.ee\/en\/wp-json\/wp\/v2\/media?parent=35676"}],"wp:term":[{"taxonomy":"product_brand","embeddable":true,"href":"https:\/\/www.nordi.ee\/en\/wp-json\/wp\/v2\/product_brand?post=35676"},{"taxonomy":"product_cat","embeddable":true,"href":"https:\/\/www.nordi.ee\/en\/wp-json\/wp\/v2\/product_cat?post=35676"},{"taxonomy":"product_tag","embeddable":true,"href":"https:\/\/www.nordi.ee\/en\/wp-json\/wp\/v2\/product_tag?post=35676"}],"curies":[{"name":"wp","href":"https:\/\/api.w.org\/{rel}","templated":true}]}}