{"id":35550,"date":"2025-11-12T07:55:56","date_gmt":"2025-11-12T05:55:56","guid":{"rendered":"https:\/\/www.nordi.ee\/toode\/soogilaud-william-tume-pahkel\/"},"modified":"2026-04-13T05:21:04","modified_gmt":"2026-04-13T02:21:04","slug":"soogilaud-william-tume-pahkel","status":"publish","type":"product","link":"https:\/\/www.nordi.ee\/en\/toode\/soogilaud-william-tume-pahkel\/","title":{"rendered":"S\u00f6\u00f6gilaud WILLIAM, tume p\u00e4hkel"},"content":{"rendered":"<p>laiendatav laud, m\u00f5\u00f5tmed: 90\u00f7124\/90\/75 cm, materjal: pealmine osa &#8211; MDF plaat + naturaalkattega puit, jalad &#8211; massiivne puit, v\u00e4rv: tume p\u00e4hkel  n* See toode on valmistatud k\u00e4sitsi. Kerged ebakorrap\u00e4rasused v\u00f5ivad esineda ja need on k\u00e4sit\u00f6\u00f6toote v\u00f5lu osa. See on toote ainulaadsus ja ei tohiks seda pidada tootmisveaks. Need ei m\u00f5juta toote \u00fcldist esteetikat ega selle kasutusv\u00f5imet vastavalt etten\u00e4htud otstarbele.<\/p>\n","protected":false},"excerpt":{"rendered":"<p>laiendatav laud, m\u00f5\u00f5tmed: 90\u00f7124\/90\/75 cm, materjal: pealmine osa &#8211; MDF plaat + naturaalkattega puit, jalad &#8211; massiivne puit, v\u00e4rv: tume p\u00e4hkel n* See toode on valmistatud k\u00e4sitsi. Kerged ebakorrap\u00e4rasused v\u00f5ivad esineda ja need on k\u00e4sit\u00f6\u00f6toote v\u00f5lu osa. See on toote ainulaadsus ja ei tohiks seda pidada tootmisveaks. Need ei m\u00f5juta toote \u00fcldist esteetikat ega selle [&hellip;]<\/p>\n","protected":false},"featured_media":17547,"comment_status":"closed","ping_status":"open","template":"","meta":{"_gspb_post_css":""},"product_brand":[],"product_cat":[190,167],"product_tag":[],"class_list":{"0":"post-35550","1":"product","2":"type-product","3":"status-publish","4":"has-post-thumbnail","6":"product_cat-soogilauad","7":"product_cat-soogituba","8":"pa_jalgade-arv-494","9":"pa_korgus-287","10":"pa_laius-349","11":"pa_laua-suurus-6-person-4-person","12":"pa_laua-varvus-pahkel","13":"pa_laua-viimistlus-matt","14":"pa_lauaplaadi-kuju-ovaalne","15":"pa_lauaplaadi-kuju-ummargune","16":"pa_lauaplaadi-materjal-spoon","17":"pa_maximum-pikkus-4223","18":"pa_pakkide-arv-295","19":"pa_pikendatav-jah","20":"pa_stiil-klassikaline","21":"pa_sugavus-351","22":"pa_vahelaos-ei","23":"pa_varv-pahkel","25":"first","26":"instock","27":"sale","28":"purchasable","29":"product-type-simple"},"_links":{"self":[{"href":"https:\/\/www.nordi.ee\/en\/wp-json\/wp\/v2\/product\/35550","targetHints":{"allow":["GET"]}}],"collection":[{"href":"https:\/\/www.nordi.ee\/en\/wp-json\/wp\/v2\/product"}],"about":[{"href":"https:\/\/www.nordi.ee\/en\/wp-json\/wp\/v2\/types\/product"}],"replies":[{"embeddable":true,"href":"https:\/\/www.nordi.ee\/en\/wp-json\/wp\/v2\/comments?post=35550"}],"wp:featuredmedia":[{"embeddable":true,"href":"https:\/\/www.nordi.ee\/en\/wp-json\/wp\/v2\/media\/17547"}],"wp:attachment":[{"href":"https:\/\/www.nordi.ee\/en\/wp-json\/wp\/v2\/media?parent=35550"}],"wp:term":[{"taxonomy":"product_brand","embeddable":true,"href":"https:\/\/www.nordi.ee\/en\/wp-json\/wp\/v2\/product_brand?post=35550"},{"taxonomy":"product_cat","embeddable":true,"href":"https:\/\/www.nordi.ee\/en\/wp-json\/wp\/v2\/product_cat?post=35550"},{"taxonomy":"product_tag","embeddable":true,"href":"https:\/\/www.nordi.ee\/en\/wp-json\/wp\/v2\/product_tag?post=35550"}],"curies":[{"name":"wp","href":"https:\/\/api.w.org\/{rel}","templated":true}]}}